{"id":778,"date":"2023-11-14T10:55:33","date_gmt":"2023-11-14T13:55:33","guid":{"rendered":"https:\/\/www.doggyoasis.org\/?page_id=778"},"modified":"2024-05-02T09:52:26","modified_gmt":"2024-05-02T12:52:26","slug":"newsletter-2","status":"publish","type":"page","link":"https:\/\/www.doggyoasis.org\/en\/newsletter-2\/","title":{"rendered":"Newsletter"},"content":{"rendered":"<p class=\"has-text-align-left\">Immerse Yourself in the Heart of Doggy Oasis International Sanctuary! Subscribe to Our\nNewsletter. Would you like to stay connected with our latest news, commitment, and actions? Be the first to explore our new residents, witness the daily life at the sanctuary, and stay updated on our initiatives and recent adoptions. Discover our tip of the month, the stories of our dogs, and the details of our events, meditation sessions, and other activities. Join us now by subscribing to our newsletter, available in French and English.<\/p>\n\n\n\n<div class=\"wp-block-buttons is-content-justification-center is-layout-flex wp-container-core-buttons-is-layout-16018d1d wp-block-buttons-is-layout-flex\">\n<div class=\"wp-block-button\"><a class=\"wp-block-button__link wp-element-button\" href=\"https:\/\/doggyoasis.us9.list-manage.com\/subscribe?u=c22c8cadd3d5ac891d8de2d08&amp;id=592cb5c784\" target=\"_blank\" rel=\"noreferrer noopener\">Subscribe Newsletter<\/a><\/div>\n<\/div>","protected":false},"excerpt":{"rendered":"<p>Soyez au c\u0153ur du sanctuaire Doggy Oasis International ! Abonnez vous \u00e0 notre newsletter. Vous souhaitez suivre notre actualit\u00e9, notre engagement et nos actions de plus pr\u00e8s ? Soyez les premiers \u00e0 d\u00e9couvrir nos nouveaux pensionnaires, le quotidien au sanctuaire, nos actions et nos derni\u00e8res adoptions. D\u00e9couvrez notre conseil du mois, l\u2019histoire de nos chiens&hellip;<\/p>","protected":false},"author":1,"featured_media":174,"parent":0,"menu_order":0,"comment_status":"closed","ping_status":"closed","template":"","meta":{"_acf_changed":false,"footnotes":""},"class_list":["post-778","page","type-page","status-publish","has-post-thumbnail","hentry"],"acf":[],"_links":{"self":[{"href":"https:\/\/www.doggyoasis.org\/en\/wp-json\/wp\/v2\/pages\/778","targetHints":{"allow":["GET"]}}],"collection":[{"href":"https:\/\/www.doggyoasis.org\/en\/wp-json\/wp\/v2\/pages"}],"about":[{"href":"https:\/\/www.doggyoasis.org\/en\/wp-json\/wp\/v2\/types\/page"}],"author":[{"embeddable":true,"href":"https:\/\/www.doggyoasis.org\/en\/wp-json\/wp\/v2\/users\/1"}],"replies":[{"embeddable":true,"href":"https:\/\/www.doggyoasis.org\/en\/wp-json\/wp\/v2\/comments?post=778"}],"version-history":[{"count":5,"href":"https:\/\/www.doggyoasis.org\/en\/wp-json\/wp\/v2\/pages\/778\/revisions"}],"predecessor-version":[{"id":1082,"href":"https:\/\/www.doggyoasis.org\/en\/wp-json\/wp\/v2\/pages\/778\/revisions\/1082"}],"wp:featuredmedia":[{"embeddable":true,"href":"https:\/\/www.doggyoasis.org\/en\/wp-json\/wp\/v2\/media\/174"}],"wp:attachment":[{"href":"https:\/\/www.doggyoasis.org\/en\/wp-json\/wp\/v2\/media?parent=778"}],"curies":[{"name":"wp","href":"https:\/\/api.w.org\/{rel}","templated":true}]}}