{"id":53,"date":"2023-08-04T10:09:57","date_gmt":"2023-08-04T13:09:57","guid":{"rendered":"https:\/\/www.doggyoasis.org\/?page_id=53"},"modified":"2025-04-22T04:45:16","modified_gmt":"2025-04-22T07:45:16","slug":"nous-soutenir","status":"publish","type":"page","link":"https:\/\/www.doggyoasis.org\/en\/nous-soutenir\/","title":{"rendered":"Support us"},"content":{"rendered":"<h2>Different possible actions<\/h2>\n<p>Doggy Oasis International needs your help ! Come and discover our special shelter by spending time, a week or more as a volunteer to share the daily life of a pack in the wilderness. \nYou too can help us to save, rehabilitate, love, train or teach. \nWe understand that finding time can be challenging sometimes. There are other ways to assist us besides volunteering at the sanctuary :<\/p>\n<ul>\n<li>You can sponsor one of our dogs<\/li>\n<li>Join us for a walk with the pack<\/li>\n<li>Support us on HELLOASSO<\/li>\n<li>If you\u2019re traveling to metropolitan France, you can help one of our dogs to join their new family<\/li>\n<\/ul>\n<h2>Travelling with one of our dogs<\/h2>\n<p>Our dogs are adoptable in metropolitan France. We are looking for occasional or regular travelers who could volunteer to take care of our dogs during a flight and help us to join their new families.<\/p>\n<h2>Faire un don<\/h2>\n<p>Do you want to contribute to the sanctuary's operation and the comfort of our tenants? Do you want to support our actions? Find us on helloasso<\/p>\n<p>&nbsp;<\/p>\n<h2>Parrainer un de nos chiens<\/h2>\nCertains de nos prot\u00e9g\u00e9s ont un des besoins suppl\u00e9mentaires\u00a0: Une patte en moins, une maladie chronique, des soins sp\u00e9cifiques ou simplement un pass\u00e9 qui les rend plus fragiles. Ces chiens auront souvent besoin d&rsquo;un peu plus d&rsquo;aide et de temps avant de pouvoir trouver une famille pour la vie.\n<p>En parrainant un de ces chiens extraordinaires, \u00e0 travers un don mensuel (\u00e0 partir de 35 euros), jusqu&rsquo;\u00e0 son adoption, vous participerez concr\u00e8tement \u00e0 son bien-\u00eatre, son confort au refuge jusqu&rsquo;\u00e0 son adoption.<\/p>\n<p>C&rsquo;est un coup de pouce pr\u00e9cieux pour nous aider \u00e0 subvenir \u00e0 ses besoins\u00a0: alimentation adapt\u00e9e, visites v\u00e9t\u00e9rinaires, traitements m\u00e9dicaux.<\/p>\n<p>En \u00e9change de ce soutien, vous recevrez des nouvelles r\u00e9guli\u00e8res de votre prot\u00e9g\u00e9 jusqu&rsquo;\u00e0 son adoption et un certificat de parrainage. \u00a0Il vous sera \u00e9galement possible de rendre visite \u00e0 votre prot\u00e9g\u00e9, sur rendez-vous.<\/p>\n<p>Pour en savoir plus et d\u00e9couvrir les chiens \u00e0 parrainer, <a href=\"https:\/\/www.doggyoasis.org\/en\/contactez-nous\/\">\u00e9crivez-nous<\/a>.<\/p>\n\t\t\t<a href=\"https:\/\/www.helloasso.com\/associations\/doggy-oasis-international\" target=\"_self\">\n\t\t\t\t\t\t\tAccess the website\n\t\t\t\t\t<\/a>\n                            <h2>Support Form<\/h2>\n                            \n                        <form method='post' enctype='multipart\/form-data' target='gform_ajax_frame_4' id='gform_4'  action='\/en\/?page_id=53&#038;fl_builder#gf_4' data-formid='4' novalidate data-trp-original-action=\"\/?page_id=53&#038;fl_builder#gf_4\">\n                        <label class='gfield_label gform-field-label' for='input_4_4'>Objet :(N\u00e9cessaire)<\/label><select name='input_4' id='input_4_4' class='large gfield_select' tabindex='100'   aria-required=\"true\" aria-invalid=\"false\"><option value='Parrainer un chien'>Sponsor a dog<\/option><option value='Devenir b\u00e9n\u00e9vole'>Become a volunteer<\/option><option value='Participer \u00e0 une balade'>Take a walk<\/option><\/select><fieldset id=\"field_4_1\"  data-js-reload=\"field_4_1\"><legend class='gfield_label gform-field-label gfield_label_before_complex'>Nom(N\u00e9cessaire)<\/legend>\n                                                    <label for='input_4_1_3' class='gform-field-label gform-field-label--type-sub'>Pr\u00e9nom<\/label>\n                                                    <input type='text' name='input_1.3' id='input_4_1_3' value='' tabindex='102'  aria-required='true'   placeholder='Pr\u00e9nom' autocomplete=\"given-name\" \/>\n                                                            <label for='input_4_1_6' class='gform-field-label gform-field-label--type-sub'>Name<\/label>\n                                                            <input type='text' name='input_1.6' id='input_4_1_6' value='' tabindex='104'  aria-required='true'   placeholder='Name' autocomplete=\"family-name\" \/>\n                        <\/fieldset><label class='gfield_label gform-field-label' for='input_4_5'>Date of Birth<\/label><input name='input_5' id='input_4_5' type='text' value='' class='large'   tabindex='106' placeholder='Date of Birth'  aria-invalid=\"false\"   \/><label class='gfield_label gform-field-label' for='input_4_6'>Phone Number<\/label><input name='input_6' id='input_4_6' type='text' value='' class='large'   tabindex='107' placeholder='0694 00 00 00'  aria-invalid=\"false\"   \/><fieldset id=\"field_4_2\"  data-js-reload=\"field_4_2\"><legend class='gfield_label gform-field-label gfield_label_before_complex'>E-mail(N\u00e9cessaire)<\/legend>\n                                    <label for='input_4_2' class='gform-field-label gform-field-label--type-sub'>Saisissez un e-mail<\/label>\n                                    <input class='' type='email' name='input_2' id='input_4_2' value='' tabindex='108'   aria-required=\"true\" aria-invalid=\"false\"  autocomplete=\"email\"\/>\n                                    <label for='input_4_2_2' class='gform-field-label gform-field-label--type-sub'>Confirmez l&rsquo;e-mail<\/label>\n                                    <input class='' type='email' name='input_2_2' id='input_4_2_2' value='' tabindex='109'   aria-required=\"true\" aria-invalid=\"false\"  autocomplete=\"email\"\/>\n                            <\/fieldset><label class='gfield_label gform-field-label' for='input_4_7'>Availability<\/label><input name='input_7' id='input_4_7' type='text' value='' class='large'   tabindex='110' placeholder='Availability'  aria-invalid=\"false\"   \/><label class='gfield_label gform-field-label' for='input_4_3'>Message(N\u00e9cessaire)<\/label>Dites nous en plus&#8230;<textarea name='input_3' id='input_4_3' class='textarea medium' tabindex='111' aria-describedby=\"gfield_description_4_3\" maxlength='600' placeholder='Tell us more...' aria-required=\"true\" aria-invalid=\"false\"   rows='10' cols='50'><\/textarea><label class='gfield_label gform-field-label' for='input_4_8'>CAPTCHA<\/label>\n         <input type='submit' id='gform_submit_button_4' class='gform_button button' onclick='gform.submission.handleButtonClick(this);' data-submission-type='submit' value='Send' tabindex='113' \/> <input type='hidden' name='gform_ajax' value='form_id=4&amp;title=1&amp;description=1&amp;tabindex=100&amp;theme=gravity-theme&amp;styles=[]&amp;hash=75eceab63bbc8d88bdf4a940c65fc87f' \/>\n            <input type='hidden' class='gform_hidden' name='gform_submission_method' data-js='gform_submission_method_4' value='iframe' \/>\n            <input type='hidden' class='gform_hidden' name='gform_theme' data-js='gform_theme_4' id='gform_theme_4' value='gravity-theme' \/>\n            <input type='hidden' class='gform_hidden' name='gform_style_settings' data-js='gform_style_settings_4' id='gform_style_settings_4' value='[]' \/>\n            <input type='hidden' class='gform_hidden' name='is_submit_4' value='1' \/>\n            <input type='hidden' class='gform_hidden' name='gform_submit' value='4' \/>\n            <input type='hidden' class='gform_hidden' name='gform_unique_id' value='' \/>\n            <input type='hidden' class='gform_hidden' name='state_4' value='WyJ7XCI0XCI6W1wiMmJlNzA3NGYyN2QxYzRmOGM3NGUwZTc5MjRkOThiODZcIixcImVmN2ExNTg4NDkxYWU2NjY3MTJkNTFjNjlhMWE0MTBjXCIsXCJjYzNmNzc4OGRhZTdhOTUxYzY4YzE0ODBjM2Y4ZWY0OFwiXX0iLCI5NGUwZWRiOWM0Njg1YmNmNWY0ZTZjY2UyYWQ3NDJlMSJd' \/>\n            <input type='hidden' autocomplete='off' class='gform_hidden' name='gform_target_page_number_4' id='gform_target_page_number_4' value='0' \/>\n            <input type='hidden' autocomplete='off' class='gform_hidden' name='gform_source_page_number_4' id='gform_source_page_number_4' value='1' \/>\n            <input type='hidden' name='gform_field_values' value='' \/>\n                        <input type=\"hidden\" name=\"trp-form-language\" value=\"en\"\/><\/form>\n\t\t                <iframe style='display:none;width:0px;height:0px;' src='about:blank' name='gform_ajax_frame_4' id='gform_ajax_frame_4' title='Cette iframe contient la logique n\u00e9cessaire pour manipuler Gravity Forms avec Ajax.'><\/iframe>","protected":false},"excerpt":{"rendered":"<p>Diff\u00e9rentes actions possibles Doggy Oasis International a besoin de vous ! Venez d\u00e9couvrir notre refuge pas comme les autres en passant une semaine ou plus en tant que b\u00e9n\u00e9vole pour partager le quotidien d&rsquo;une meute en pleine nature. Vous aussi, venez nous aider \u00e0 sauver, r\u00e9tablir, aimer, entra\u00eener ou enseigner. Nous comprenons que parfois lib\u00e9rer&hellip;<\/p>","protected":false},"author":1,"featured_media":918,"parent":0,"menu_order":0,"comment_status":"closed","ping_status":"closed","template":"","meta":{"_acf_changed":false,"footnotes":""},"class_list":["post-53","page","type-page","status-publish","has-post-thumbnail","hentry"],"acf":[],"_links":{"self":[{"href":"https:\/\/www.doggyoasis.org\/en\/wp-json\/wp\/v2\/pages\/53","targetHints":{"allow":["GET"]}}],"collection":[{"href":"https:\/\/www.doggyoasis.org\/en\/wp-json\/wp\/v2\/pages"}],"about":[{"href":"https:\/\/www.doggyoasis.org\/en\/wp-json\/wp\/v2\/types\/page"}],"author":[{"embeddable":true,"href":"https:\/\/www.doggyoasis.org\/en\/wp-json\/wp\/v2\/users\/1"}],"replies":[{"embeddable":true,"href":"https:\/\/www.doggyoasis.org\/en\/wp-json\/wp\/v2\/comments?post=53"}],"version-history":[{"count":5,"href":"https:\/\/www.doggyoasis.org\/en\/wp-json\/wp\/v2\/pages\/53\/revisions"}],"predecessor-version":[{"id":1680,"href":"https:\/\/www.doggyoasis.org\/en\/wp-json\/wp\/v2\/pages\/53\/revisions\/1680"}],"wp:featuredmedia":[{"embeddable":true,"href":"https:\/\/www.doggyoasis.org\/en\/wp-json\/wp\/v2\/media\/918"}],"wp:attachment":[{"href":"https:\/\/www.doggyoasis.org\/en\/wp-json\/wp\/v2\/media?parent=53"}],"curies":[{"name":"wp","href":"https:\/\/api.w.org\/{rel}","templated":true}]}}