{"id":49,"date":"2023-08-04T10:09:31","date_gmt":"2023-08-04T13:09:31","guid":{"rendered":"https:\/\/www.doggyoasis.org\/?page_id=49"},"modified":"2025-03-20T06:27:09","modified_gmt":"2025-03-20T09:27:09","slug":"je-signale","status":"publish","type":"page","link":"https:\/\/www.doggyoasis.org\/en\/je-signale\/","title":{"rendered":"Report"},"content":{"rendered":"Report a found dog\n\t\t\t\t\t<p>Nous ne sommes pas une fourri\u00e8re et nous ne pouvons pas accueillir des chiens trouv\u00e9s. Conform\u00e9ment \u00e0 la loi, les chiens doivent \u00eatre identifi\u00e9s et vaccin\u00e9s contre la rage avant d&rsquo;\u00eatre admis dans notre refuge. Le respect de ces deux \u00e9l\u00e9ments est indispensable, ce qui signifie que vous ne pouvez pas d\u00e9poser de chiens chez nous.<\/p>\n<p>Si vous trouvez un chien, nous vous conseillons de l&#8217;emmener chez un v\u00e9t\u00e9rinaire pour v\u00e9rifier s&rsquo;il est identifi\u00e9, de mani\u00e8re \u00e0 ce qu&rsquo;un contact puisse \u00eatre \u00e9tabli avec son propri\u00e9taire. Vous pouvez \u00e9galement prendre contact avec les fourri\u00e8res comp\u00e9tentes<\/p>\n\t\t\t\tReport abuse\n\t\t\t\t\t<p>Si vous \u00eates t\u00e9moin de maltraitance animale ou d&rsquo;une atteinte \u00e0 l&rsquo;int\u00e9grit\u00e9 d&rsquo;un animal, vous pouvez le signaler \u00e0 la DAAF en utilisant un formulaire en ligne ou en envoyant un courrier postal.<\/p>\n<p><strong>Online Form : <\/strong><a href=\"https:\/\/daaf.guyane.agriculture.gouv.fr\/signalez-un-cas-de-maltraitance-animale-a128.html\">https:\/\/daaf.guyane.agriculture.gouv.fr\/signalez-un-cas-de-maltraitance-animale-a128.html<\/a><\/p>\n<p><em>En cas de situation d&rsquo;urgence, veuillez contacter la police ou la gendarmerie.<\/em><\/p>\n\t\t\t\tAbandoning dog\n\t\t\t\t\t<p>Il existe un contrat d&rsquo;abandon au refuge, sous certaines conditions et sous r\u00e9serve de place. <br \/><strong>Le chien doit imp\u00e9rativement :<\/strong><\/p>\n<ul>\n<li>Be identified<\/li>\n<li>Be vaccinated against rabies<\/li>\n<li>Have up-to-date CHPPIL vaccinations<\/li>\n<\/ul>\n<p><strong>Des frais d&rsquo;abandon seront demand\u00e9s :<\/strong><\/p>\n<ul>\n<li>\u20ac195 for a sterilized dog<\/li>\n<li>\u20ac350 for a non-sterilized dog<\/li>\n<\/ul>\n<p>Une prise de contact pr\u00e9alable est obligatoire afin de v\u00e9rifier nos disponibilit\u00e9s et de s&rsquo;assurer que toutes les conditions sont remplies. <br \/><strong>We cannot accept categorized dogs.<\/strong><\/p>\n<p>\u00a0<\/p>","protected":false},"excerpt":{"rendered":"<p>Signaler un chien trouv\u00e9 Nous ne sommes pas une fourri\u00e8re et nous ne pouvons pas accueillir des chiens trouv\u00e9s. Conform\u00e9ment \u00e0 la loi, les chiens doivent \u00eatre identifi\u00e9s et vaccin\u00e9s contre la rage avant d&rsquo;\u00eatre admis dans notre refuge. Le respect de ces deux \u00e9l\u00e9ments est indispensable, ce qui signifie que vous ne pouvez pas&hellip;<\/p>","protected":false},"author":1,"featured_media":508,"parent":0,"menu_order":0,"comment_status":"closed","ping_status":"closed","template":"","meta":{"_acf_changed":false,"footnotes":""},"class_list":["post-49","page","type-page","status-publish","has-post-thumbnail","hentry"],"acf":[],"_links":{"self":[{"href":"https:\/\/www.doggyoasis.org\/en\/wp-json\/wp\/v2\/pages\/49","targetHints":{"allow":["GET"]}}],"collection":[{"href":"https:\/\/www.doggyoasis.org\/en\/wp-json\/wp\/v2\/pages"}],"about":[{"href":"https:\/\/www.doggyoasis.org\/en\/wp-json\/wp\/v2\/types\/page"}],"author":[{"embeddable":true,"href":"https:\/\/www.doggyoasis.org\/en\/wp-json\/wp\/v2\/users\/1"}],"replies":[{"embeddable":true,"href":"https:\/\/www.doggyoasis.org\/en\/wp-json\/wp\/v2\/comments?post=49"}],"version-history":[{"count":4,"href":"https:\/\/www.doggyoasis.org\/en\/wp-json\/wp\/v2\/pages\/49\/revisions"}],"predecessor-version":[{"id":1602,"href":"https:\/\/www.doggyoasis.org\/en\/wp-json\/wp\/v2\/pages\/49\/revisions\/1602"}],"wp:featuredmedia":[{"embeddable":true,"href":"https:\/\/www.doggyoasis.org\/en\/wp-json\/wp\/v2\/media\/508"}],"wp:attachment":[{"href":"https:\/\/www.doggyoasis.org\/en\/wp-json\/wp\/v2\/media?parent=49"}],"curies":[{"name":"wp","href":"https:\/\/api.w.org\/{rel}","templated":true}]}}