{"id":45,"date":"2023-08-04T10:09:13","date_gmt":"2023-08-04T13:09:13","guid":{"rendered":"https:\/\/www.doggyoasis.org\/?page_id=45"},"modified":"2026-03-13T09:48:38","modified_gmt":"2026-03-13T12:48:38","slug":"fondation","status":"publish","type":"page","link":"https:\/\/www.doggyoasis.org\/en\/fondation\/","title":{"rendered":"The foundation"},"content":{"rendered":"<p><strong>It is in a 320acre sanctuary,<\/strong>located in French Guyana, that we rescue stray, mistreated or abandoned dogs. \nOur refugees are healed, loved and educated in a peaceful environment where they enjoy a life in freedom and coexisting as a pack. \nBeyong the emergency protection of our dogs, our ambition is to inform and raise the local population about the various qualities and great value of dogs. Through our missions and actions, we hope we can change the people\u2019s perception about them.<\/p>\n<figure><img decoding=\"async\" src=\"https:\/\/www.doggyoasis.org\/wp-content\/uploads\/2023\/11\/5.jpeg\" alt=\"\" \/><\/figure>\n\n\t<h2>Our philosophy<\/h2>\n<p><strong>Doggy Oasis International<\/strong> is a shelter like no other. The physical and mental health of our dogs is essential before considering adoption.<\/p>\n<p>That\u2019s why we take time to know them and give them all the love they deserve. \nAt the shelter, the daily routine includes long walks, exercises and a lot of activities.<\/p>\n<p>Our dogs are socialized and participate in a mediation activity where they interact with children, seniors and people with disabilities.<\/p>\n<p>This philosophy, combined with our expertise allows us to provide stability and  for our dogs fulfillment. \nThey regain well-being and are ready to join their new families. Our team can\u2019t wait to assist you with your adoption request and help you to find your future companion.<\/p>\n\t\t\t\t\t\t<figure>\n\t\t\t\t\t\t\t<img loading=\"lazy\" decoding=\"async\" src=\"https:\/\/www.doggyoasis.org\/wp-content\/uploads\/2023\/10\/IMG_2498.jpg\" alt=\"\" srcset=\"https:\/\/www.doggyoasis.org\/wp-content\/uploads\/2023\/10\/IMG_2498.jpg 960w, https:\/\/www.doggyoasis.org\/wp-content\/uploads\/2023\/10\/IMG_2498-225x300.jpg 225w, https:\/\/www.doggyoasis.org\/wp-content\/uploads\/2023\/10\/IMG_2498-768x1024.jpg 768w, https:\/\/www.doggyoasis.org\/wp-content\/uploads\/2023\/10\/IMG_2498-50x67.jpg 50w, https:\/\/www.doggyoasis.org\/wp-content\/uploads\/2023\/10\/IMG_2498-9x12.jpg 9w\" width=\"960\" height=\"1280\" \/>\n\t\t\t\t\t\t\t\t\t\t\t\t\t\t\t<!-- Overlay Wrapper -->\n\t\t\t\t\t\t\t\t\t\t\t\t\t\t\t\t\t <!-- Overlay Wrapper Closed -->\n\t\t\t\t\t\t\t\t\t\t\t\t\t<\/figure>\n\t\t\t\t\t\t<figure>\n\t\t\t\t\t\t\t<img loading=\"lazy\" decoding=\"async\" src=\"https:\/\/www.doggyoasis.org\/wp-content\/uploads\/2023\/11\/WhatsApp-Image-2023-10-17-at-16.14.03.jpeg\" alt=\"\" srcset=\"https:\/\/www.doggyoasis.org\/wp-content\/uploads\/2023\/11\/WhatsApp-Image-2023-10-17-at-16.14.03.jpeg 1200w, https:\/\/www.doggyoasis.org\/wp-content\/uploads\/2023\/11\/WhatsApp-Image-2023-10-17-at-16.14.03-225x300.jpeg 225w, https:\/\/www.doggyoasis.org\/wp-content\/uploads\/2023\/11\/WhatsApp-Image-2023-10-17-at-16.14.03-768x1024.jpeg 768w, https:\/\/www.doggyoasis.org\/wp-content\/uploads\/2023\/11\/WhatsApp-Image-2023-10-17-at-16.14.03-50x67.jpeg 50w, https:\/\/www.doggyoasis.org\/wp-content\/uploads\/2023\/11\/WhatsApp-Image-2023-10-17-at-16.14.03-1152x1536.jpeg 1152w, https:\/\/www.doggyoasis.org\/wp-content\/uploads\/2023\/11\/WhatsApp-Image-2023-10-17-at-16.14.03-9x12.jpeg 9w\" width=\"1200\" height=\"1600\" \/>\n\t\t\t\t\t\t\t\t\t\t\t\t\t\t\t<!-- Overlay Wrapper -->\n\t\t\t\t\t\t\t\t\t\t\t\t\t\t\t\t\t <!-- Overlay Wrapper Closed -->\n\t\t\t\t\t\t\t\t\t\t\t\t\t<\/figure>\n\t\t\t\t\t\t<figure>\n\t\t\t\t\t\t\t<img loading=\"lazy\" decoding=\"async\" src=\"https:\/\/www.doggyoasis.org\/wp-content\/uploads\/2023\/11\/1.jpeg\" alt=\"\" srcset=\"https:\/\/www.doggyoasis.org\/wp-content\/uploads\/2023\/11\/1.jpeg 1200w, https:\/\/www.doggyoasis.org\/wp-content\/uploads\/2023\/11\/1-225x300.jpeg 225w, https:\/\/www.doggyoasis.org\/wp-content\/uploads\/2023\/11\/1-768x1024.jpeg 768w, https:\/\/www.doggyoasis.org\/wp-content\/uploads\/2023\/11\/1-50x67.jpeg 50w, https:\/\/www.doggyoasis.org\/wp-content\/uploads\/2023\/11\/1-1152x1536.jpeg 1152w, https:\/\/www.doggyoasis.org\/wp-content\/uploads\/2023\/11\/1-9x12.jpeg 9w\" width=\"1200\" height=\"1600\" \/>\n\t\t\t\t\t\t\t\t\t\t\t\t\t\t\t<!-- Overlay Wrapper -->\n\t\t\t\t\t\t\t\t\t\t\t\t\t\t\t\t\t <!-- Overlay Wrapper Closed -->\n\t\t\t\t\t\t\t\t\t\t\t\t\t<\/figure>\n\t\t\t\t\t\t<figure>\n\t\t\t\t\t\t\t<img loading=\"lazy\" decoding=\"async\" src=\"https:\/\/www.doggyoasis.org\/wp-content\/uploads\/2023\/11\/2.jpeg\" alt=\"\" srcset=\"https:\/\/www.doggyoasis.org\/wp-content\/uploads\/2023\/11\/2.jpeg 1200w, https:\/\/www.doggyoasis.org\/wp-content\/uploads\/2023\/11\/2-225x300.jpeg 225w, https:\/\/www.doggyoasis.org\/wp-content\/uploads\/2023\/11\/2-768x1024.jpeg 768w, https:\/\/www.doggyoasis.org\/wp-content\/uploads\/2023\/11\/2-50x67.jpeg 50w, https:\/\/www.doggyoasis.org\/wp-content\/uploads\/2023\/11\/2-1152x1536.jpeg 1152w, https:\/\/www.doggyoasis.org\/wp-content\/uploads\/2023\/11\/2-9x12.jpeg 9w\" width=\"1200\" height=\"1600\" \/>\n\t\t\t\t\t\t\t\t\t\t\t\t\t\t\t<!-- Overlay Wrapper -->\n\t\t\t\t\t\t\t\t\t\t\t\t\t\t\t\t\t <!-- Overlay Wrapper Closed -->\n\t\t\t\t\t\t\t\t\t\t\t\t\t<\/figure>\n\t\t\t\t\t\t<figure>\n\t\t\t\t\t\t\t<img loading=\"lazy\" decoding=\"async\" src=\"https:\/\/www.doggyoasis.org\/wp-content\/uploads\/2023\/11\/3.jpeg\" alt=\"\" srcset=\"https:\/\/www.doggyoasis.org\/wp-content\/uploads\/2023\/11\/3.jpeg 1200w, https:\/\/www.doggyoasis.org\/wp-content\/uploads\/2023\/11\/3-225x300.jpeg 225w, https:\/\/www.doggyoasis.org\/wp-content\/uploads\/2023\/11\/3-768x1024.jpeg 768w, https:\/\/www.doggyoasis.org\/wp-content\/uploads\/2023\/11\/3-50x67.jpeg 50w, https:\/\/www.doggyoasis.org\/wp-content\/uploads\/2023\/11\/3-1152x1536.jpeg 1152w, https:\/\/www.doggyoasis.org\/wp-content\/uploads\/2023\/11\/3-9x12.jpeg 9w\" width=\"1200\" height=\"1600\" \/>\n\t\t\t\t\t\t\t\t\t\t\t\t\t\t\t<!-- Overlay Wrapper -->\n\t\t\t\t\t\t\t\t\t\t\t\t\t\t\t\t\t <!-- Overlay Wrapper Closed -->\n\t\t\t\t\t\t\t\t\t\t\t\t\t<\/figure>\n\t<h2>Heal<\/h2>\n<p><strong>Faced with many dangers and often life of wandering<\/strong>, our dogs arrive injured, unwell or traumatized. After a brief quarantine period for some observations and safety reasons for our pack, an physical exam conducted to evaluate their health. \nThen, our dogs are cleaned, vaccinated, dewormed, trated for parasites and sterilized. With a care plan for nutrition, playing, rest and exercise, our dogs can fully recover.<\/p>\n\t<h2>Rescue<\/h2>\n<p><strong>There are numerous external dangers<\/strong> that our dogs face before arriving at the sanctuary, such as: road hazards, diseases and parasites, encounters with uninformed humans, rejection, and lack of sterilization. These stray, abandoned, and rejected dogs are safe once they arrive at our sanctuary as we take the time to treat, sterilize and properly medicate each one.<\/p>\n\t\t\t\t\t\t<figure>\n\t\t\t\t\t\t\t<img loading=\"lazy\" decoding=\"async\" src=\"https:\/\/www.doggyoasis.org\/wp-content\/uploads\/2023\/10\/IMG_2599.jpg\" alt=\"\" srcset=\"https:\/\/www.doggyoasis.org\/wp-content\/uploads\/2023\/10\/IMG_2599.jpg 1170w, https:\/\/www.doggyoasis.org\/wp-content\/uploads\/2023\/10\/IMG_2599-228x300.jpg 228w, https:\/\/www.doggyoasis.org\/wp-content\/uploads\/2023\/10\/IMG_2599-779x1024.jpg 779w, https:\/\/www.doggyoasis.org\/wp-content\/uploads\/2023\/10\/IMG_2599-768x1009.jpg 768w, https:\/\/www.doggyoasis.org\/wp-content\/uploads\/2023\/10\/IMG_2599-50x66.jpg 50w, https:\/\/www.doggyoasis.org\/wp-content\/uploads\/2023\/10\/IMG_2599-9x12.jpg 9w\" width=\"1170\" height=\"1537\" \/>\n\t\t\t\t\t\t\t\t\t\t\t\t\t\t\t<!-- Overlay Wrapper -->\n\t\t\t\t\t\t\t\t\t\t\t\t\t\t\t\t\t <!-- Overlay Wrapper Closed -->\n\t\t\t\t\t\t\t\t\t\t\t\t\t<\/figure>\n\t\t\t\t\t\t<figure>\n\t\t\t\t\t\t\t<img loading=\"lazy\" decoding=\"async\" src=\"https:\/\/www.doggyoasis.org\/wp-content\/uploads\/2023\/10\/PHOTO-2021-06-10-19-41-36.jpg\" alt=\"\" srcset=\"https:\/\/www.doggyoasis.org\/wp-content\/uploads\/2023\/10\/PHOTO-2021-06-10-19-41-36.jpg 960w, https:\/\/www.doggyoasis.org\/wp-content\/uploads\/2023\/10\/PHOTO-2021-06-10-19-41-36-225x300.jpg 225w, https:\/\/www.doggyoasis.org\/wp-content\/uploads\/2023\/10\/PHOTO-2021-06-10-19-41-36-768x1024.jpg 768w, https:\/\/www.doggyoasis.org\/wp-content\/uploads\/2023\/10\/PHOTO-2021-06-10-19-41-36-50x67.jpg 50w, https:\/\/www.doggyoasis.org\/wp-content\/uploads\/2023\/10\/PHOTO-2021-06-10-19-41-36-9x12.jpg 9w\" width=\"960\" height=\"1280\" \/>\n\t\t\t\t\t\t\t\t\t\t\t\t\t\t\t<!-- Overlay Wrapper -->\n\t\t\t\t\t\t\t\t\t\t\t\t\t\t\t\t\t <!-- Overlay Wrapper Closed -->\n\t\t\t\t\t\t\t\t\t\t\t\t\t<\/figure>\n\t\t\t\t\t\t<figure>\n\t\t\t\t\t\t\t<img loading=\"lazy\" decoding=\"async\" src=\"https:\/\/www.doggyoasis.org\/wp-content\/uploads\/2023\/10\/IMG_3691.jpg\" alt=\"\" srcset=\"https:\/\/www.doggyoasis.org\/wp-content\/uploads\/2023\/10\/IMG_3691.jpg 1440w, https:\/\/www.doggyoasis.org\/wp-content\/uploads\/2023\/10\/IMG_3691-225x300.jpg 225w, https:\/\/www.doggyoasis.org\/wp-content\/uploads\/2023\/10\/IMG_3691-768x1024.jpg 768w, https:\/\/www.doggyoasis.org\/wp-content\/uploads\/2023\/10\/IMG_3691-50x67.jpg 50w, https:\/\/www.doggyoasis.org\/wp-content\/uploads\/2023\/10\/IMG_3691-1152x1536.jpg 1152w, https:\/\/www.doggyoasis.org\/wp-content\/uploads\/2023\/10\/IMG_3691-9x12.jpg 9w\" width=\"1440\" height=\"1920\" \/>\n\t\t\t\t\t\t\t\t\t\t\t\t\t\t\t<!-- Overlay Wrapper -->\n\t\t\t\t\t\t\t\t\t\t\t\t\t\t\t\t\t <!-- Overlay Wrapper Closed -->\n\t\t\t\t\t\t\t\t\t\t\t\t\t<\/figure>\n\t\t\t\t\t\t<figure>\n\t\t\t\t\t\t\t<img loading=\"lazy\" decoding=\"async\" src=\"https:\/\/www.doggyoasis.org\/wp-content\/uploads\/2023\/10\/IMG_4369.jpeg\" alt=\"\" srcset=\"https:\/\/www.doggyoasis.org\/wp-content\/uploads\/2023\/10\/IMG_4369.jpeg 1440w, https:\/\/www.doggyoasis.org\/wp-content\/uploads\/2023\/10\/IMG_4369-225x300.jpeg 225w, https:\/\/www.doggyoasis.org\/wp-content\/uploads\/2023\/10\/IMG_4369-768x1024.jpeg 768w, https:\/\/www.doggyoasis.org\/wp-content\/uploads\/2023\/10\/IMG_4369-50x67.jpeg 50w, https:\/\/www.doggyoasis.org\/wp-content\/uploads\/2023\/10\/IMG_4369-1152x1536.jpeg 1152w, https:\/\/www.doggyoasis.org\/wp-content\/uploads\/2023\/10\/IMG_4369-9x12.jpeg 9w\" width=\"1440\" height=\"1920\" \/>\n\t\t\t\t\t\t\t\t\t\t\t\t\t\t\t<!-- Overlay Wrapper -->\n\t\t\t\t\t\t\t\t\t\t\t\t\t\t\t\t\t <!-- Overlay Wrapper Closed -->\n\t\t\t\t\t\t\t\t\t\t\t\t\t<\/figure>\n\t\t\t\t\t\t<figure>\n\t\t\t\t\t\t\t<img loading=\"lazy\" decoding=\"async\" src=\"https:\/\/www.doggyoasis.org\/wp-content\/uploads\/2023\/10\/3F222B57-208A-479F-A6C0-3ECFD670E6E9.jpeg\" alt=\"\" srcset=\"https:\/\/www.doggyoasis.org\/wp-content\/uploads\/2023\/10\/3F222B57-208A-479F-A6C0-3ECFD670E6E9.jpeg 958w, https:\/\/www.doggyoasis.org\/wp-content\/uploads\/2023\/10\/3F222B57-208A-479F-A6C0-3ECFD670E6E9-225x300.jpeg 225w, https:\/\/www.doggyoasis.org\/wp-content\/uploads\/2023\/10\/3F222B57-208A-479F-A6C0-3ECFD670E6E9-766x1024.jpeg 766w, https:\/\/www.doggyoasis.org\/wp-content\/uploads\/2023\/10\/3F222B57-208A-479F-A6C0-3ECFD670E6E9-768x1026.jpeg 768w, https:\/\/www.doggyoasis.org\/wp-content\/uploads\/2023\/10\/3F222B57-208A-479F-A6C0-3ECFD670E6E9-50x67.jpeg 50w, https:\/\/www.doggyoasis.org\/wp-content\/uploads\/2023\/10\/3F222B57-208A-479F-A6C0-3ECFD670E6E9-9x12.jpeg 9w\" width=\"958\" height=\"1280\" \/>\n\t\t\t\t\t\t\t\t\t\t\t\t\t\t\t<!-- Overlay Wrapper -->\n\t\t\t\t\t\t\t\t\t\t\t\t\t\t\t\t\t <!-- Overlay Wrapper Closed -->\n\t\t\t\t\t\t\t\t\t\t\t\t\t<\/figure>\n\t\t\t\t\t\t<figure>\n\t\t\t\t\t\t\t<img loading=\"lazy\" decoding=\"async\" src=\"https:\/\/www.doggyoasis.org\/wp-content\/uploads\/2023\/10\/3FF5076A-010C-4F3D-A30E-1F70D69693D1.jpeg\" alt=\"\" srcset=\"https:\/\/www.doggyoasis.org\/wp-content\/uploads\/2023\/10\/3FF5076A-010C-4F3D-A30E-1F70D69693D1.jpeg 958w, https:\/\/www.doggyoasis.org\/wp-content\/uploads\/2023\/10\/3FF5076A-010C-4F3D-A30E-1F70D69693D1-225x300.jpeg 225w, https:\/\/www.doggyoasis.org\/wp-content\/uploads\/2023\/10\/3FF5076A-010C-4F3D-A30E-1F70D69693D1-766x1024.jpeg 766w, https:\/\/www.doggyoasis.org\/wp-content\/uploads\/2023\/10\/3FF5076A-010C-4F3D-A30E-1F70D69693D1-768x1026.jpeg 768w, https:\/\/www.doggyoasis.org\/wp-content\/uploads\/2023\/10\/3FF5076A-010C-4F3D-A30E-1F70D69693D1-50x67.jpeg 50w, https:\/\/www.doggyoasis.org\/wp-content\/uploads\/2023\/10\/3FF5076A-010C-4F3D-A30E-1F70D69693D1-9x12.jpeg 9w\" width=\"958\" height=\"1280\" \/>\n\t\t\t\t\t\t\t\t\t\t\t\t\t\t\t<!-- Overlay Wrapper -->\n\t\t\t\t\t\t\t\t\t\t\t\t\t\t\t\t\t <!-- Overlay Wrapper Closed -->\n\t\t\t\t\t\t\t\t\t\t\t\t\t<\/figure>\n\t\t\t\t\t\t<figure>\n\t\t\t\t\t\t\t<img loading=\"lazy\" decoding=\"async\" src=\"https:\/\/www.doggyoasis.org\/wp-content\/uploads\/2023\/10\/IMG_2591.jpg\" alt=\"\" srcset=\"https:\/\/www.doggyoasis.org\/wp-content\/uploads\/2023\/10\/IMG_2591.jpg 1170w, https:\/\/www.doggyoasis.org\/wp-content\/uploads\/2023\/10\/IMG_2591-227x300.jpg 227w, https:\/\/www.doggyoasis.org\/wp-content\/uploads\/2023\/10\/IMG_2591-776x1024.jpg 776w, https:\/\/www.doggyoasis.org\/wp-content\/uploads\/2023\/10\/IMG_2591-768x1013.jpg 768w, https:\/\/www.doggyoasis.org\/wp-content\/uploads\/2023\/10\/IMG_2591-50x66.jpg 50w, https:\/\/www.doggyoasis.org\/wp-content\/uploads\/2023\/10\/IMG_2591-1165x1536.jpg 1165w, https:\/\/www.doggyoasis.org\/wp-content\/uploads\/2023\/10\/IMG_2591-9x12.jpg 9w\" width=\"1170\" height=\"1543\" \/>\n\t\t\t\t\t\t\t\t\t\t\t\t\t\t\t<!-- Overlay Wrapper -->\n\t\t\t\t\t\t\t\t\t\t\t\t\t\t\t\t\t <!-- Overlay Wrapper Closed -->\n\t\t\t\t\t\t\t\t\t\t\t\t\t<\/figure>\n\t<h2>Train<\/h2>\n<p><strong>Throughout the day at the sanctuary,<\/strong>, our dogs are trained and stimulated with playtime, agility, group and individual exercises. \nThese moments allow us to work on trust, care and obedience and by this training we can access to our dogs knowledge and individual abilities.<\/p>\n\t<h2>Teach<\/h2>\n<p><strong>Using our dogs and all the experiences we have had with them,<\/strong>, we want to share our values and knowledge to the local population. We visit schools, hospitals, retirement homes, prisons and other health\/social etablissement to raise awareness and educate while entertaining, comforting and serving our community. Our dogs are authentic therapists !<\/p>\n<p>We raise people's awareness about the value of these animals and the interest of protecting them and wildlife.<\/p>\n\t\t\t\t\t\t<figure>\n\t\t\t\t\t\t\t<img loading=\"lazy\" decoding=\"async\" src=\"https:\/\/www.doggyoasis.org\/wp-content\/uploads\/2023\/10\/WhatsApp-Image-2023-10-17-at-16.14.11.jpeg\" alt=\"\" srcset=\"https:\/\/www.doggyoasis.org\/wp-content\/uploads\/2023\/10\/WhatsApp-Image-2023-10-17-at-16.14.11.jpeg 1200w, https:\/\/www.doggyoasis.org\/wp-content\/uploads\/2023\/10\/WhatsApp-Image-2023-10-17-at-16.14.11-225x300.jpeg 225w, https:\/\/www.doggyoasis.org\/wp-content\/uploads\/2023\/10\/WhatsApp-Image-2023-10-17-at-16.14.11-768x1024.jpeg 768w, https:\/\/www.doggyoasis.org\/wp-content\/uploads\/2023\/10\/WhatsApp-Image-2023-10-17-at-16.14.11-50x67.jpeg 50w, https:\/\/www.doggyoasis.org\/wp-content\/uploads\/2023\/10\/WhatsApp-Image-2023-10-17-at-16.14.11-1152x1536.jpeg 1152w, https:\/\/www.doggyoasis.org\/wp-content\/uploads\/2023\/10\/WhatsApp-Image-2023-10-17-at-16.14.11-9x12.jpeg 9w\" width=\"1200\" height=\"1600\" \/>\n\t\t\t\t\t\t\t\t\t\t\t\t\t\t\t<!-- Overlay Wrapper -->\n\t\t\t\t\t\t\t\t\t\t\t\t\t\t\t\t\t <!-- Overlay Wrapper Closed -->\n\t\t\t\t\t\t\t\t\t\t\t\t\t<\/figure>\n\t\t\t\t\t\t<figure>\n\t\t\t\t\t\t\t<img loading=\"lazy\" decoding=\"async\" src=\"https:\/\/www.doggyoasis.org\/wp-content\/uploads\/2023\/10\/WhatsApp-Image-2023-10-17-at-16.14.30.jpeg\" alt=\"\" srcset=\"https:\/\/www.doggyoasis.org\/wp-content\/uploads\/2023\/10\/WhatsApp-Image-2023-10-17-at-16.14.30.jpeg 1200w, https:\/\/www.doggyoasis.org\/wp-content\/uploads\/2023\/10\/WhatsApp-Image-2023-10-17-at-16.14.30-225x300.jpeg 225w, https:\/\/www.doggyoasis.org\/wp-content\/uploads\/2023\/10\/WhatsApp-Image-2023-10-17-at-16.14.30-768x1024.jpeg 768w, https:\/\/www.doggyoasis.org\/wp-content\/uploads\/2023\/10\/WhatsApp-Image-2023-10-17-at-16.14.30-50x67.jpeg 50w, https:\/\/www.doggyoasis.org\/wp-content\/uploads\/2023\/10\/WhatsApp-Image-2023-10-17-at-16.14.30-1152x1536.jpeg 1152w, https:\/\/www.doggyoasis.org\/wp-content\/uploads\/2023\/10\/WhatsApp-Image-2023-10-17-at-16.14.30-9x12.jpeg 9w\" width=\"1200\" height=\"1600\" \/>\n\t\t\t\t\t\t\t\t\t\t\t\t\t\t\t<!-- Overlay Wrapper -->\n\t\t\t\t\t\t\t\t\t\t\t\t\t\t\t\t\t <!-- Overlay Wrapper Closed -->\n\t\t\t\t\t\t\t\t\t\t\t\t\t<\/figure>\n\t\t\t\t\t\t<figure>\n\t\t\t\t\t\t\t<img loading=\"lazy\" decoding=\"async\" src=\"https:\/\/www.doggyoasis.org\/wp-content\/uploads\/2023\/10\/WhatsApp-Image-2023-10-17-at-16.17.11.jpeg\" alt=\"\" srcset=\"https:\/\/www.doggyoasis.org\/wp-content\/uploads\/2023\/10\/WhatsApp-Image-2023-10-17-at-16.17.11.jpeg 1200w, https:\/\/www.doggyoasis.org\/wp-content\/uploads\/2023\/10\/WhatsApp-Image-2023-10-17-at-16.17.11-225x300.jpeg 225w, https:\/\/www.doggyoasis.org\/wp-content\/uploads\/2023\/10\/WhatsApp-Image-2023-10-17-at-16.17.11-768x1024.jpeg 768w, https:\/\/www.doggyoasis.org\/wp-content\/uploads\/2023\/10\/WhatsApp-Image-2023-10-17-at-16.17.11-50x67.jpeg 50w, https:\/\/www.doggyoasis.org\/wp-content\/uploads\/2023\/10\/WhatsApp-Image-2023-10-17-at-16.17.11-1152x1536.jpeg 1152w, https:\/\/www.doggyoasis.org\/wp-content\/uploads\/2023\/10\/WhatsApp-Image-2023-10-17-at-16.17.11-9x12.jpeg 9w\" width=\"1200\" height=\"1600\" \/>\n\t\t\t\t\t\t\t\t\t\t\t\t\t\t\t<!-- Overlay Wrapper -->\n\t\t\t\t\t\t\t\t\t\t\t\t\t\t\t\t\t <!-- Overlay Wrapper Closed -->\n\t\t\t\t\t\t\t\t\t\t\t\t\t<\/figure>\n\t\t\t\t\t\t<figure>\n\t\t\t\t\t\t\t<img loading=\"lazy\" decoding=\"async\" src=\"https:\/\/www.doggyoasis.org\/wp-content\/uploads\/2023\/10\/3F222B57-208A-479F-A6C0-3ECFD670E6E9.jpeg\" alt=\"\" srcset=\"https:\/\/www.doggyoasis.org\/wp-content\/uploads\/2023\/10\/3F222B57-208A-479F-A6C0-3ECFD670E6E9.jpeg 958w, https:\/\/www.doggyoasis.org\/wp-content\/uploads\/2023\/10\/3F222B57-208A-479F-A6C0-3ECFD670E6E9-225x300.jpeg 225w, https:\/\/www.doggyoasis.org\/wp-content\/uploads\/2023\/10\/3F222B57-208A-479F-A6C0-3ECFD670E6E9-766x1024.jpeg 766w, https:\/\/www.doggyoasis.org\/wp-content\/uploads\/2023\/10\/3F222B57-208A-479F-A6C0-3ECFD670E6E9-768x1026.jpeg 768w, https:\/\/www.doggyoasis.org\/wp-content\/uploads\/2023\/10\/3F222B57-208A-479F-A6C0-3ECFD670E6E9-50x67.jpeg 50w, https:\/\/www.doggyoasis.org\/wp-content\/uploads\/2023\/10\/3F222B57-208A-479F-A6C0-3ECFD670E6E9-9x12.jpeg 9w\" width=\"958\" height=\"1280\" \/>\n\t\t\t\t\t\t\t\t\t\t\t\t\t\t\t<!-- Overlay Wrapper -->\n\t\t\t\t\t\t\t\t\t\t\t\t\t\t\t\t\t <!-- Overlay Wrapper Closed -->\n\t\t\t\t\t\t\t\t\t\t\t\t\t<\/figure>\n\t<h2>Love<\/h2>\n<p><strong>Once rescued and placed in safety,<\/strong> nos chiens sont nomm\u00e9s, aim\u00e9s et ch\u00e9ris, souvent pour la premi\u00e8re fois. Cette consid\u00e9ration nous permet d&rsquo;instaurer un lien de confiance et de conna\u00eetre notre meute. En recevant cet amour, nos chiens nous donnent beaucoup et attendent patiemment de pouvoir \u00eatre adopt\u00e9s pour transmettre eux aussi tout cet amour !<\/p>\n<figure><img loading=\"lazy\" decoding=\"async\" src=\"https:\/\/www.doggyoasis.org\/wp-content\/uploads\/2023\/10\/IMG_2598-781x1024.jpg\" alt=\"\" width=\"361\" height=\"474\" \/><\/figure>","protected":false},"excerpt":{"rendered":"<p>C&rsquo;est dans un sanctuaire de 130 hectares, situ\u00e9 en Guyane fran\u00e7aise, que nous recueillons des chiens errants, maltrait\u00e9s ou abandonn\u00e9s. Nos prot\u00e9g\u00e9s sont soign\u00e9s, aim\u00e9s et \u00e9duqu\u00e9s dans un environnement paisible o\u00f9 ils profitent d&rsquo;une vie en libert\u00e9 et cohabitent tous ensemble, en meute. Au-del\u00e0 de la protection imm\u00e9diate de nos chiens, notre ambition est&hellip;<\/p>","protected":false},"author":1,"featured_media":507,"parent":0,"menu_order":0,"comment_status":"closed","ping_status":"closed","template":"","meta":{"_acf_changed":false,"footnotes":""},"class_list":["post-45","page","type-page","status-publish","has-post-thumbnail","hentry"],"acf":[],"_links":{"self":[{"href":"https:\/\/www.doggyoasis.org\/en\/wp-json\/wp\/v2\/pages\/45","targetHints":{"allow":["GET"]}}],"collection":[{"href":"https:\/\/www.doggyoasis.org\/en\/wp-json\/wp\/v2\/pages"}],"about":[{"href":"https:\/\/www.doggyoasis.org\/en\/wp-json\/wp\/v2\/types\/page"}],"author":[{"embeddable":true,"href":"https:\/\/www.doggyoasis.org\/en\/wp-json\/wp\/v2\/users\/1"}],"replies":[{"embeddable":true,"href":"https:\/\/www.doggyoasis.org\/en\/wp-json\/wp\/v2\/comments?post=45"}],"version-history":[{"count":5,"href":"https:\/\/www.doggyoasis.org\/en\/wp-json\/wp\/v2\/pages\/45\/revisions"}],"predecessor-version":[{"id":2332,"href":"https:\/\/www.doggyoasis.org\/en\/wp-json\/wp\/v2\/pages\/45\/revisions\/2332"}],"wp:featuredmedia":[{"embeddable":true,"href":"https:\/\/www.doggyoasis.org\/en\/wp-json\/wp\/v2\/media\/507"}],"wp:attachment":[{"href":"https:\/\/www.doggyoasis.org\/en\/wp-json\/wp\/v2\/media?parent=45"}],"curies":[{"name":"wp","href":"https:\/\/api.w.org\/{rel}","templated":true}]}}