{"id":372,"date":"2023-10-10T09:01:42","date_gmt":"2023-10-10T12:01:42","guid":{"rendered":"https:\/\/www.doggyoasis.org\/?page_id=372"},"modified":"2023-12-14T13:00:55","modified_gmt":"2023-12-14T16:00:55","slug":"contactez-nous","status":"publish","type":"page","link":"https:\/\/www.doggyoasis.org\/en\/contactez-nous\/","title":{"rendered":"Contact Us"},"content":{"rendered":"\n\n                            <h2>Formulaire de contact<\/h2>\n                            \n                        <form method='post' enctype='multipart\/form-data' target='gform_ajax_frame_3' id='gform_3'  action='\/?page_id=372&#038;fl_builder#gf_3' data-formid='3' novalidate>\n                        <fieldset id=\"field_3_1\"  data-js-reload=\"field_3_1\"><legend class='gfield_label gform-field-label gfield_label_before_complex'>Nom(N\u00e9cessaire)<\/legend>\n                                                    <label for='input_3_1_3' class='gform-field-label gform-field-label--type-sub '>Pr\u00e9nom<\/label>\n                                                    <input type='text' name='input_1.3' id='input_3_1_3' value='' tabindex='101'  aria-required='true'    autocomplete=\"given-name\" \/>\n                                                            <label for='input_3_1_6' class='gform-field-label gform-field-label--type-sub '>Nom<\/label>\n                                                            <input type='text' name='input_1.6' id='input_3_1_6' value='' tabindex='103'  aria-required='true'    autocomplete=\"family-name\" \/>\n                        <\/fieldset><label class='gfield_label gform-field-label' for='input_3_4'>Je souhaite :(N\u00e9cessaire)<\/label><select name='input_4' id='input_3_4' class='large gfield_select' tabindex='105'   aria-required=\"true\" aria-invalid=\"false\"><option value='Adopter un chien'>Adopter un chien<\/option><option value='Vous soutenir'>Vous soutenir<\/option><option value='Faire une m\u00e9diation'>Faire une m\u00e9diation<\/option><option value='Faire un partenariats'>Faire un partenariats<\/option><option value='Autres demandes'>Autres demandes<\/option><\/select><label class='gfield_label gform-field-label' for='input_3_9'>Nom de L&#039;\u00e9tablissement ou de l&#039;association<\/label><input name='input_9' id='input_3_9' type='text' value='' class='large'   tabindex='106' placeholder='Nom de L&#039;\u00e9tablissement ou de l&#039;association'  aria-invalid=\"false\"   \/> <label class='gfield_label gform-field-label' for='input_3_8'>Autres demandes(N\u00e9cessaire)<\/label><input name='input_8' id='input_3_8' type='text' value='' class='large'   tabindex='107' placeholder='Autres demandes' aria-required=\"true\" aria-invalid=\"false\"   \/> <label class='gfield_label gform-field-label' for='input_3_5'>Lieu de l&#039;adoption :(N\u00e9cessaire)<\/label><select name='input_5' id='input_3_5' class='large gfield_select' tabindex='108'   aria-required=\"true\" aria-invalid=\"false\"><option value='Adoption en Guyane'>Adoption en Guyane<\/option><option value='Adoption en France m\u00e9tropolitaine'>Adoption en France m\u00e9tropolitaine<\/option><\/select><label class='gfield_label gform-field-label' for='input_3_6'>Objet :(N\u00e9cessaire)<\/label><select name='input_6' id='input_3_6' class='large gfield_select' tabindex='109'   aria-required=\"true\" aria-invalid=\"false\"><option value='Participer \u00e0 une balade'>Participer \u00e0 une balade<\/option><option value='Devenir b\u00e9n\u00e9vole'>Devenir b\u00e9n\u00e9vole<\/option><option value='Parrainer un chien'>Parrainer un chien<\/option><\/select><fieldset id=\"field_3_2\"  data-js-reload=\"field_3_2\"><legend class='gfield_label gform-field-label gfield_label_before_complex'>E-mail(N\u00e9cessaire)<\/legend>\n                                    <label for='input_3_2' class='gform-field-label gform-field-label--type-sub '>Saisissez un e-mail<\/label>\n                                    <input class='' type='email' name='input_2' id='input_3_2' value='' tabindex='110'   aria-required=\"true\" aria-invalid=\"false\"  autocomplete=\"email\"\/>\n                                    <label for='input_3_2_2' class='gform-field-label gform-field-label--type-sub '>Confirmez l&rsquo;e-mail<\/label>\n                                    <input class='' type='email' name='input_2_2' id='input_3_2_2' value='' tabindex='111'   aria-required=\"true\" aria-invalid=\"false\"  autocomplete=\"email\"\/>\n                            <\/fieldset><label class='gfield_label gform-field-label' for='input_3_3'>Messages(N\u00e9cessaire)<\/label>Dites nous en plus &#8230;<textarea name='input_3' id='input_3_3' class='textarea medium' tabindex='112' aria-describedby=\"gfield_description_3_3\" maxlength='600'  aria-required=\"true\" aria-invalid=\"false\"   rows='10' cols='50'><\/textarea><label class='gfield_label gform-field-label' for='input_3_10'>CAPTCHA<\/label>\n         <input type='submit' id='gform_submit_button_3' class='gform_button button' value='Envoyer' tabindex='114' onclick='if(window[\"gf_submitting_3\"]){return false;}  if( !jQuery(\"#gform_3\")[0].checkValidity || jQuery(\"#gform_3\")[0].checkValidity()){window[\"gf_submitting_3\"]=true;}  ' onkeypress='if( event.keyCode == 13 ){ if(window[\"gf_submitting_3\"]){return false;} if( !jQuery(\"#gform_3\")[0].checkValidity || jQuery(\"#gform_3\")[0].checkValidity()){window[\"gf_submitting_3\"]=true;}  jQuery(\"#gform_3\").trigger(\"submit\",[true]); }' \/> <input type='hidden' name='gform_ajax' value='form_id=3&amp;title=1&amp;description=1&amp;tabindex=100&amp;theme=data-form-theme=&#039;gravity-theme&#039;' \/>\n            <input type='hidden' class='gform_hidden' name='is_submit_3' value='1' \/>\n            <input type='hidden' class='gform_hidden' name='gform_submit' value='3' \/>\n            <input type='hidden' class='gform_hidden' name='gform_unique_id' value='' \/>\n            <input type='hidden' class='gform_hidden' name='state_3' value='WyJ7XCI0XCI6W1wiNDNmZTkwNGEyZmFjYmRlZDE2NWYxNTY3ZWQzOWM0ZDlcIixcImRjMjQ3OTFlNzQyYmU3OGI5NjYxMjQ2YThiMWI1YzBhXCIsXCJjYTUyNjVkZjg3NjU2M2YwNDY0Nzc3M2Q5YTM1NDc1M1wiLFwiZjYyZjdkMjlhYWFhMTBmNjk3YjI2ZWJmNjk3MGYzOGFcIixcImVjMDY1OWE5NjFlNDU5ZWFkNWU0OTcxYmE0MTQ1MzdjXCJdLFwiNVwiOltcIjFhN2I2Y2M3ZjU5NDMyYzNiY2NiMGUyZTJkMTIxN2U3XCIsXCJkYzYwYmEyMTEwZGQyM2JmNzhlOGQ2ODNiZTZjNzQyYVwiXSxcIjZcIjpbXCJjYzNmNzc4OGRhZTdhOTUxYzY4YzE0ODBjM2Y4ZWY0OFwiLFwiZWY3YTE1ODg0OTFhZTY2NjcxMmQ1MWM2OWExYTQxMGNcIixcIjJiZTcwNzRmMjdkMWM0ZjhjNzRlMGU3OTI0ZDk4Yjg2XCJdfSIsIjZmZGI1NzE0MjNjMzliMjNhZjExNzg4ZDFjNDY3NWIyIl0=' \/>\n            <input type='hidden' class='gform_hidden' name='gform_target_page_number_3' id='gform_target_page_number_3' value='0' \/>\n            <input type='hidden' class='gform_hidden' name='gform_source_page_number_3' id='gform_source_page_number_3' value='1' \/>\n            <input type='hidden' name='gform_field_values' value='' \/>\n                        <\/form>\n\t\t                <iframe style='display:none;width:0px;height:0px;' src='about:blank' name='gform_ajax_frame_3' id='gform_ajax_frame_3' title='Cette iframe contient la logique n\u00e9cessaire pour manipuler Gravity Forms avec Ajax.'><\/iframe>\n<h2>\n\t\tContact Si\u00e8ge &#8211; Guyane\n\t<\/h2>\n\t<p><strong>Adresse : <\/strong>7 Avenue Sainte-Rita &#8211; 97354 Remire-Montjoly<\/p>\n<h2>\n\t\tContact Sanctuaire &#8211; Guyane\n\t<\/h2>\n\t<p><strong>Adresse : <\/strong>Route de la Carri\u00e8re &#8211; Savane Matiti 97355 Macouria<\/p>\n<p><strong>+594 694 96 42 49<\/strong><\/p>\n<h2>\n\t\tContact &#8211; France M\u00e9tropole\n\t<\/h2>\n\t<p><strong>+33 6 19 60 51 97<\/strong><\/p>\n\n","protected":false},"excerpt":{"rendered":"<p>Formulaire de contact Nom(N\u00e9cessaire) Pr\u00e9nom Nom Je souhaite :(N\u00e9cessaire)Adopter un chienVous soutenirFaire une m\u00e9diationFaire un partenariatsAutres demandesNom de L&#039;\u00e9tablissement ou de l&#039;association Autres demandes(N\u00e9cessaire) Lieu de l&#039;adoption :(N\u00e9cessaire)Adoption en GuyaneAdoption en France m\u00e9tropolitaineObjet :(N\u00e9cessaire)Participer \u00e0 une baladeDevenir b\u00e9n\u00e9voleParrainer un chien E-mail(N\u00e9cessaire) Saisissez un e-mail Confirmez l&rsquo;e-mail Messages(N\u00e9cessaire)Dites nous en plus &#8230;CAPTCHA Contact Si\u00e8ge &#8211; Guyane&hellip;<\/p>","protected":false},"author":1,"featured_media":530,"parent":0,"menu_order":0,"comment_status":"closed","ping_status":"closed","template":"","meta":{"_acf_changed":false,"footnotes":""},"class_list":["post-372","page","type-page","status-publish","has-post-thumbnail","hentry"],"acf":[],"_links":{"self":[{"href":"https:\/\/www.doggyoasis.org\/en\/wp-json\/wp\/v2\/pages\/372","targetHints":{"allow":["GET"]}}],"collection":[{"href":"https:\/\/www.doggyoasis.org\/en\/wp-json\/wp\/v2\/pages"}],"about":[{"href":"https:\/\/www.doggyoasis.org\/en\/wp-json\/wp\/v2\/types\/page"}],"author":[{"embeddable":true,"href":"https:\/\/www.doggyoasis.org\/en\/wp-json\/wp\/v2\/users\/1"}],"replies":[{"embeddable":true,"href":"https:\/\/www.doggyoasis.org\/en\/wp-json\/wp\/v2\/comments?post=372"}],"version-history":[{"count":5,"href":"https:\/\/www.doggyoasis.org\/en\/wp-json\/wp\/v2\/pages\/372\/revisions"}],"predecessor-version":[{"id":813,"href":"https:\/\/www.doggyoasis.org\/en\/wp-json\/wp\/v2\/pages\/372\/revisions\/813"}],"wp:featuredmedia":[{"embeddable":true,"href":"https:\/\/www.doggyoasis.org\/en\/wp-json\/wp\/v2\/media\/530"}],"wp:attachment":[{"href":"https:\/\/www.doggyoasis.org\/en\/wp-json\/wp\/v2\/media?parent=372"}],"curies":[{"name":"wp","href":"https:\/\/api.w.org\/{rel}","templated":true}]}}