{"id":2258,"date":"2026-02-24T06:43:07","date_gmt":"2026-02-24T09:43:07","guid":{"rendered":"https:\/\/www.doggyoasis.org\/?page_id=2258"},"modified":"2026-02-24T08:50:17","modified_gmt":"2026-02-24T11:50:17","slug":"mentions-legales-2","status":"publish","type":"page","link":"https:\/\/www.doggyoasis.org\/en\/mentions-legales-2\/","title":{"rendered":"Mentions l\u00e9gales"},"content":{"rendered":"<p>\u00c9diteur du site&nbsp;<\/p>\n\n\n\n<p>Le site\u00a0www.doggyoasis.org\u00a0est \u00e9dit\u00e9 par\u00a0DOGGY OASIS INTERNATIONAL, repr\u00e9sent\u00e9 par\u00a0Katarina LEQUEUX NALOVIC\u00a0en sa qualit\u00e9 de responsable \u00e9ditorial et de publication.\u00a0<\/p>\n\n\n\n<p><strong>Adresse\u00a0<\/strong>\u00a0<br>DOGGY OASIS INTERNATIONAL\u00a0\u00a0<br>7 avenue Sainte Rita <br>97354 Remire-Montjoly<\/p>\n\n\n\n<p><strong>Contact<\/strong>\u00a0<br><a href=\"\/en\/contactez-nous\/\">Contact Form\u00a0<\/a><\/p>\n\n\n\n<p><strong>H\u00e9bergement<\/strong>&nbsp;<br>C\u00f4t\u00e9 Cube SAS&nbsp;<br>1 rue Rouget de L\u2019isle&nbsp;<br>97300&nbsp;CAYENNE&nbsp;<\/p>\n\n\n\n<h2 class=\"wp-block-heading\">Propri\u00e9t\u00e9 intellectuelle&nbsp;<\/h2>\n\n\n\n<p>Tous les contenus pr\u00e9sents sur le site&nbsp;www.doggyoasis.org, incluant, sans limitation, les graphiques, images, textes, vid\u00e9os, animations, sons, logos, gifs et ic\u00f4nes ainsi que leur mise en forme sont la propri\u00e9t\u00e9 exclusive&nbsp;de&nbsp;DOGGY OASIS INTERNATIONAL&nbsp;\u00e0 l\u2019exception des marques, logos ou contenus appartenant \u00e0 d\u2019autres soci\u00e9t\u00e9s partenaires ou auteurs.&nbsp;<\/p>\n\n\n\n<p>Toute reproduction, distribution, modification, adaptation, retransmission ou publication, m\u00eame partielle, de ces diff\u00e9rents \u00e9l\u00e9ments est strictement interdite sans l\u2019accord expr\u00e8s par \u00e9crit&nbsp;de&nbsp;DOGGY OASIS INTERNATIONAL. Cette repr\u00e9sentation ou reproduction, par quelque proc\u00e9d\u00e9 que ce soit, constitue une contrefa\u00e7on sanctionn\u00e9e par les articles L.335-2 et suivants du Code de la propri\u00e9t\u00e9 intellectuelle.&nbsp;<\/p>\n\n\n\n<h2 class=\"wp-block-heading\">Donn\u00e9es personnelles&nbsp;<\/h2>\n\n\n\n<p>Le site\u00a0www.doggyoasis.org\u00a0s\u2019engage \u00e0 respecter la vie priv\u00e9e de ses utilisateurs et \u00e0 prot\u00e9ger les donn\u00e9es personnelles recueillies via tout <a href=\"https:\/\/www.doggyoasis.org\/en\/politique-de-protection-des-donnees\/#formulaire\">formulaire de contact<\/a>. Aucune information personnelle n\u2019est collect\u00e9e \u00e0 votre insu ni c\u00e9d\u00e9e \u00e0 des tiers.\u00a0<\/p>\n\n\n\n<p>Le site ne fait pas usage de cookies et respecte les dispositions de la r\u00e9glementation applicable en mati\u00e8re de protection des donn\u00e9es personnelles.&nbsp;<\/p>\n\n\n\n<h2 class=\"wp-block-heading\">Loi applicable&nbsp;<\/h2>\n\n\n\n<p>Le contenu de ce site est r\u00e9gi par la loi fran\u00e7aise, et tout litige \u00e9ventuel s\u2019y rapportant sera soumis \u00e0 la comp\u00e9tence des tribunaux fran\u00e7ais.&nbsp;<\/p>\n\n\n\n<h2 class=\"wp-block-heading\">Politique de confidentialit\u00e9&nbsp;<\/h2>\n\n\n\n<p>La pr\u00e9sente politique de confidentialit\u00e9 d\u00e9finit et vous informe de la mani\u00e8re dont&nbsp;DOGGY OASIS INTERNATIONAL&nbsp;utilise et prot\u00e8ge les informations que vous nous transmettez, le cas \u00e9ch\u00e9ant, lorsque vous utilisez le site accessible \u00e0 partir de l\u2019URL suivante : https:\/\/www.doggyoasis.org.&nbsp;<\/p>\n\n\n\n<p>Veuillez noter que cette politique de confidentialit\u00e9 est susceptible d\u2019\u00eatre modifi\u00e9e ou compl\u00e9t\u00e9e \u00e0 tout moment par&nbsp;DOGGY OASIS INTERNATIONAL, notamment en vue de se conformer \u00e0 toute \u00e9volution l\u00e9gislative, r\u00e9glementaire, jurisprudentielle ou technologique. Ces modifications engagent l\u2019utilisateur d\u00e8s leur mise en ligne. Il convient donc que l\u2019utilisateur consulte r\u00e9guli\u00e8rement cette politique de confidentialit\u00e9 et d\u2019utilisation des cookies afin de se tenir inform\u00e9 des \u00e9ventuelles modifications.&nbsp;<\/p>\n\n\n\n<h2 class=\"wp-block-heading\">Collecte des donn\u00e9es personnelles&nbsp;<\/h2>\n\n\n\n<p>Les informations personnelles pouvant \u00eatre recueillies sur le site sont principalement utilis\u00e9es par l\u2019\u00e9diteur pour la gestion des relations avec vous, et le cas \u00e9ch\u00e9ant, pour le traitement de vos demandes via les formulaires pr\u00e9sents sur le site. Elles sont enregistr\u00e9es dans le fichier de clients&nbsp;de&nbsp;DOGGY OASIS INTERNATIONAL, et le fichier ainsi constitu\u00e9 \u00e0 partir de donn\u00e9es personnelles est d\u00e9clar\u00e9 au CNIL le cas \u00e9ch\u00e9ant. Conform\u00e9ment aux dispositions l\u00e9gales, nous ne collectons aucune donn\u00e9e personnelle sans votre consentement.&nbsp;<\/p>\n\n\n\n<h2 class=\"wp-block-heading\">Droit d\u2019acc\u00e8s, de rectification et de d\u00e9r\u00e9f\u00e9rencement de vos donn\u00e9es&nbsp;<\/h2>\n\n\n\n<p>Conform\u00e9ment \u00e0 la r\u00e9glementation en vigueur, vous disposez des droits suivants concernant vos donn\u00e9es personnelles :&nbsp;<\/p>\n\n\n\n<ul class=\"wp-block-list\">\n<li>Droit d\u2019acc\u00e8s et de rectification&nbsp;<\/li>\n\n\n\n<li>Droit de suppression (droit \u00e0 l\u2019oubli)&nbsp;<\/li>\n\n\n\n<li>Droit \u00e0 la limitation du traitement des donn\u00e9es personnelles&nbsp;<\/li>\n<\/ul>\n\n\n\n<h2 class=\"wp-block-heading\">Droit d\u2019opposition au traitement des donn\u00e9es&nbsp;<\/h2>\n\n\n\n<p>Pour exercer ces droits, il suffit de contacter\u00a0DOGGY OASIS INTERNATIONAL\u00a0par courrier \u00e0 l\u2019adresse suivante :\u00a0DOGGY OASIS INTERNATIONAL\u00a0&#8211;\u00a0Doggy\u00a0Oasis International \u2013 7 avenue Sainte Rita 97354 Remire-Montjoly,\u00a0Guyane fran\u00e7aise, ou par\u00a0email\u00a0via notre <a href=\"https:\/\/www.doggyoasis.org\/en\/politique-de-protection-des-donnees\/#formulaire\">formulaire de contact<\/a>.\u00a0<\/p>\n\n\n\n<h2 class=\"wp-block-heading\">S\u00e9curit\u00e9&nbsp;<\/h2>\n\n\n\n<p>DOGGY OASIS INTERNATIONAL&nbsp;s&rsquo;engage \u00e0 prot\u00e9ger les donn\u00e9es personnelles contre toute forme de dommage, perte, d\u00e9tournement, intrusion, divulgation, alt\u00e9ration ou destruction. Les mesures de s\u00e9curit\u00e9 physiques et \u00e9lectroniques mises en place incluent notamment un acc\u00e8s restreint \u00e0 l\u2019aide de syst\u00e8mes de protection et de cryptage.&nbsp;<\/p>\n\n\n\n<h2 class=\"wp-block-heading\">Absence de cookies&nbsp;<\/h2>\n\n\n\n<p>Conform\u00e9ment aux informations fournies, le site&nbsp;www.doggyoasis.org&nbsp;n\u2019utilise pas de cookies. Ainsi, aucune information n\u2019est recueillie automatiquement lorsque vous naviguez sur le site.&nbsp;<\/p>\n\n\n\n<p>Ce document a pour but de vous informer sur notre politique de confidentialit\u00e9 et les mesures prises pour prot\u00e9ger vos donn\u00e9es personnelles. Pour toute question suppl\u00e9mentaire, n\u2019h\u00e9sitez pas \u00e0 <a href=\"https:\/\/www.doggyoasis.org\/en\/politique-de-protection-des-donnees\/#formulaire\">contacter\u00a0DOGGY OASIS INTERNATIONAL<\/a>.\u00a0<\/p>","protected":false},"excerpt":{"rendered":"<p>\u00c9diteur du site&nbsp; Le site\u00a0www.doggyoasis.org\u00a0est \u00e9dit\u00e9 par\u00a0DOGGY OASIS INTERNATIONAL, repr\u00e9sent\u00e9 par\u00a0Katarina LEQUEUX NALOVIC\u00a0en sa qualit\u00e9 de responsable \u00e9ditorial et de publication.\u00a0 Adresse\u00a0\u00a0DOGGY OASIS INTERNATIONAL\u00a0\u00a07 avenue Sainte Rita 97354 Remire-Montjoly Contact\u00a0Formulaire de contact\u00a0 H\u00e9bergement&nbsp;C\u00f4t\u00e9 Cube SAS&nbsp;1 rue Rouget de L\u2019isle&nbsp;97300&nbsp;CAYENNE&nbsp; Propri\u00e9t\u00e9 intellectuelle&nbsp; Tous les contenus pr\u00e9sents sur le site&nbsp;www.doggyoasis.org, incluant, sans limitation, les graphiques, images, textes,&hellip;<\/p>","protected":false},"author":1,"featured_media":0,"parent":0,"menu_order":0,"comment_status":"closed","ping_status":"closed","template":"","meta":{"_acf_changed":false,"footnotes":""},"class_list":["post-2258","page","type-page","status-publish","hentry"],"acf":[],"_links":{"self":[{"href":"https:\/\/www.doggyoasis.org\/en\/wp-json\/wp\/v2\/pages\/2258","targetHints":{"allow":["GET"]}}],"collection":[{"href":"https:\/\/www.doggyoasis.org\/en\/wp-json\/wp\/v2\/pages"}],"about":[{"href":"https:\/\/www.doggyoasis.org\/en\/wp-json\/wp\/v2\/types\/page"}],"author":[{"embeddable":true,"href":"https:\/\/www.doggyoasis.org\/en\/wp-json\/wp\/v2\/users\/1"}],"replies":[{"embeddable":true,"href":"https:\/\/www.doggyoasis.org\/en\/wp-json\/wp\/v2\/comments?post=2258"}],"version-history":[{"count":3,"href":"https:\/\/www.doggyoasis.org\/en\/wp-json\/wp\/v2\/pages\/2258\/revisions"}],"predecessor-version":[{"id":2272,"href":"https:\/\/www.doggyoasis.org\/en\/wp-json\/wp\/v2\/pages\/2258\/revisions\/2272"}],"wp:attachment":[{"href":"https:\/\/www.doggyoasis.org\/en\/wp-json\/wp\/v2\/media?parent=2258"}],"curies":[{"name":"wp","href":"https:\/\/api.w.org\/{rel}","templated":true}]}}