{"id":1516,"date":"2025-02-24T06:55:48","date_gmt":"2025-02-24T09:55:48","guid":{"rendered":"https:\/\/www.doggyoasis.org\/?page_id=1516"},"modified":"2025-02-24T06:59:23","modified_gmt":"2025-02-24T09:59:23","slug":"les-chiens-a-ladoption","status":"publish","type":"page","link":"https:\/\/www.doggyoasis.org\/en\/les-chiens-a-ladoption\/","title":{"rendered":"Dogs available for adoption"},"content":{"rendered":"<meta itemscope itemprop=\"mainEntityOfPage\" itemtype=\"https:\/\/schema.org\/WebPage\" itemid=\"http:\/\/1513\" content=\"Les chiens bient\u00f4t pr\u00eats \u00e0 l&rsquo;adoption\" \/><meta itemprop=\"datePublished\" content=\"2025-02-24\" \/><meta itemprop=\"dateModified\" content=\"2025-02-24\" \/><meta itemprop=\"name\" content=\"Doggy Oasis\"\/><meta itemprop=\"url\" content=\"https:\/\/www.doggyoasis.org\/author\/infocote-cube-fr\/\" \/><meta itemprop=\"name\" content=\"admin\" \/><meta itemprop=\"url\" content=\"https:\/\/www.doggyoasis.org\/wp-content\/uploads\/2024\/01\/chiots-bientot-prets.jpg\" \/><meta itemprop=\"width\" content=\"1600\" \/><meta itemprop=\"height\" content=\"900\" \/><meta itemprop=\"interactionType\" content=\"https:\/\/schema.org\/CommentAction\" \/><meta itemprop=\"userInteractionCount\" content=\"0\" \/>\n\t<a href='https:\/\/www.doggyoasis.org\/en\/phototheque\/les-chiens-bientot-prets-a-ladoption\/' title='Les chiens bient\u00f4t pr\u00eats \u00e0 l&rsquo;adoption'><img width=\"1024\" height=\"576\" src=\"https:\/\/www.doggyoasis.org\/wp-content\/uploads\/2024\/01\/chiots-bientot-prets-1024x576.jpg\" alt=\"\" itemprop=\"image\" decoding=\"async\" loading=\"lazy\" srcset=\"https:\/\/www.doggyoasis.org\/wp-content\/uploads\/2024\/01\/chiots-bientot-prets-1024x576.jpg 1024w, https:\/\/www.doggyoasis.org\/wp-content\/uploads\/2024\/01\/chiots-bientot-prets-300x169.jpg 300w, https:\/\/www.doggyoasis.org\/wp-content\/uploads\/2024\/01\/chiots-bientot-prets-768x432.jpg 768w, https:\/\/www.doggyoasis.org\/wp-content\/uploads\/2024\/01\/chiots-bientot-prets-50x28.jpg 50w, https:\/\/www.doggyoasis.org\/wp-content\/uploads\/2024\/01\/chiots-bientot-prets-1536x864.jpg 1536w, https:\/\/www.doggyoasis.org\/wp-content\/uploads\/2024\/01\/chiots-bientot-prets-18x10.jpg 18w, https:\/\/www.doggyoasis.org\/wp-content\/uploads\/2024\/01\/chiots-bientot-prets.jpg 1600w\" sizes=\"auto, (max-width: 1024px) 100vw, 1024px\" \/><\/a>\n    <h3><a href='https:\/\/www.doggyoasis.org\/en\/phototheque\/les-chiens-bientot-prets-a-ladoption\/' title='Les chiens bient\u00f4t pr\u00eats \u00e0 l&rsquo;adoption'>Dogs coming soon for adoption<\/a><\/h3>\n\t<meta itemscope itemprop=\"mainEntityOfPage\" itemtype=\"https:\/\/schema.org\/WebPage\" itemid=\"http:\/\/825\" content=\"Les chiens pr\u00eats \u00e0 l&rsquo;adoption\" \/><meta itemprop=\"datePublished\" content=\"2024-01-03\" \/><meta itemprop=\"dateModified\" content=\"2025-02-24\" \/><meta itemprop=\"name\" content=\"Doggy Oasis\"\/><meta itemprop=\"url\" content=\"https:\/\/www.doggyoasis.org\/author\/adoptions-doigmail-com\/\" \/><meta itemprop=\"name\" content=\"&#97;&#100;opt&#105;&#111;ns.&#100;oi&#64;&#103;m&#97;&#105;l.c&#111;m\" \/><meta itemprop=\"url\" content=\"https:\/\/www.doggyoasis.org\/wp-content\/uploads\/2024\/01\/Doggy-Oasis.jpeg\" \/><meta itemprop=\"width\" content=\"1600\" \/><meta itemprop=\"height\" content=\"900\" \/><meta itemprop=\"interactionType\" content=\"https:\/\/schema.org\/CommentAction\" \/><meta itemprop=\"userInteractionCount\" content=\"0\" \/>\n\t<a href='https:\/\/www.doggyoasis.org\/en\/phototheque\/les-chiens-a-ladoption\/' title='Les chiens pr\u00eats \u00e0 l&rsquo;adoption'><img width=\"1024\" height=\"576\" src=\"https:\/\/www.doggyoasis.org\/wp-content\/uploads\/2024\/01\/Doggy-Oasis-1024x576.jpeg\" alt=\"\" itemprop=\"image\" decoding=\"async\" loading=\"lazy\" srcset=\"https:\/\/www.doggyoasis.org\/wp-content\/uploads\/2024\/01\/Doggy-Oasis-1024x576.jpeg 1024w, https:\/\/www.doggyoasis.org\/wp-content\/uploads\/2024\/01\/Doggy-Oasis-300x169.jpeg 300w, https:\/\/www.doggyoasis.org\/wp-content\/uploads\/2024\/01\/Doggy-Oasis-768x432.jpeg 768w, https:\/\/www.doggyoasis.org\/wp-content\/uploads\/2024\/01\/Doggy-Oasis-50x28.jpeg 50w, https:\/\/www.doggyoasis.org\/wp-content\/uploads\/2024\/01\/Doggy-Oasis-1536x864.jpeg 1536w, https:\/\/www.doggyoasis.org\/wp-content\/uploads\/2024\/01\/Doggy-Oasis-18x10.jpeg 18w, https:\/\/www.doggyoasis.org\/wp-content\/uploads\/2024\/01\/Doggy-Oasis.jpeg 1600w\" sizes=\"auto, (max-width: 1024px) 100vw, 1024px\" \/><\/a>\n    <h3><a href='https:\/\/www.doggyoasis.org\/en\/phototheque\/les-chiens-a-ladoption\/' title='Les chiens pr\u00eats \u00e0 l&rsquo;adoption'>Dogs ready for adoption<\/a><\/h3>\n\t\t<!-- .pp-content-posts -->","protected":false},"excerpt":{"rendered":"<p>Les chiens bient\u00f4t pr\u00eats \u00e0 l&rsquo;adoption Les chiens pr\u00eats \u00e0 l&rsquo;adoption<\/p>","protected":false},"author":1,"featured_media":0,"parent":0,"menu_order":0,"comment_status":"closed","ping_status":"closed","template":"","meta":{"_acf_changed":false,"footnotes":""},"class_list":["post-1516","page","type-page","status-publish","hentry"],"acf":[],"_links":{"self":[{"href":"https:\/\/www.doggyoasis.org\/en\/wp-json\/wp\/v2\/pages\/1516","targetHints":{"allow":["GET"]}}],"collection":[{"href":"https:\/\/www.doggyoasis.org\/en\/wp-json\/wp\/v2\/pages"}],"about":[{"href":"https:\/\/www.doggyoasis.org\/en\/wp-json\/wp\/v2\/types\/page"}],"author":[{"embeddable":true,"href":"https:\/\/www.doggyoasis.org\/en\/wp-json\/wp\/v2\/users\/1"}],"replies":[{"embeddable":true,"href":"https:\/\/www.doggyoasis.org\/en\/wp-json\/wp\/v2\/comments?post=1516"}],"version-history":[{"count":2,"href":"https:\/\/www.doggyoasis.org\/en\/wp-json\/wp\/v2\/pages\/1516\/revisions"}],"predecessor-version":[{"id":1520,"href":"https:\/\/www.doggyoasis.org\/en\/wp-json\/wp\/v2\/pages\/1516\/revisions\/1520"}],"wp:attachment":[{"href":"https:\/\/www.doggyoasis.org\/en\/wp-json\/wp\/v2\/media?parent=1516"}],"curies":[{"name":"wp","href":"https:\/\/api.w.org\/{rel}","templated":true}]}}