{"id":15,"date":"2023-04-08T00:34:26","date_gmt":"2023-04-08T00:34:26","guid":{"rendered":"https:\/\/model.cote-cube.fr\/?page_id=15"},"modified":"2024-12-09T12:11:39","modified_gmt":"2024-12-09T15:11:39","slug":"accueil","status":"publish","type":"page","link":"https:\/\/www.doggyoasis.org\/en\/","title":{"rendered":"Accueil"},"content":{"rendered":"<h2>\n\t\tA sanctuary <br \/>of 320 acre <br \/>In French Guiana\n\t<\/h2>\n\t\t\t<a href=\"https:\/\/www.doggyoasis.org\/en\/fondation\/\" target=\"_self\">\n\t\t\t\t\t\t\tRead more\n\t\t\t\t\t<\/a>\n\t\t\t\t<img loading=\"lazy\" decoding=\"async\" src=\"https:\/\/www.doggyoasis.org\/wp-content\/uploads\/2023\/11\/DOI-logo-definitif-sans-fond.png\" alt=\"DOI logo definitif sans fond\" itemprop=\"image\" height=\"983\" width=\"1704\" title=\"DOI logo definitif sans fond\" onerror=\"this.style.display='none'\"  \/>\n\t\t<h2>\n\t\t\tThe foundation\n\t\t<\/h2>\n\t<p><strong>Doggy Oasis International<\/strong> s&rsquo;engage \u00e0 donner aux chiens abandonn\u00e9s un lieu s\u00fbr, dynamique, propre et chaleureux tout en les socialisant et en les entra\u00eenant pour faciliter leur r\u00e9int\u00e9gration dans le monde humain.<\/p>\n\t<ul>\n<li>Rescue<\/li>\n<li>Love<\/li>\n<\/ul>\n\t<ul>\n<li>Heal<\/li>\n<li>Train<\/li>\n<\/ul>\n\t<ul>\n<li>Teach<\/li>\n<\/ul>\n\t\t\t<a href=\"\/en\/fondation\/\" target=\"_self\">\n\t\t\t\t\t\t\tRead more\n\t\t\t\t\t<\/a>\n\t\t\t\t<img decoding=\"async\" src=\"https:\/\/www.doggyoasis.org\/wp-content\/plugins\/bb-plugin\/img\/pixel.png\" alt=\"\" itemprop=\"image\" onerror=\"this.style.display='none'\"  \/>\n\t\t<h2>\n\t\t\tAdopt a companion\n\t\t<\/h2>\n\tOur dogs are ready to meet you so that you fall in love with them, you can adopt them and bring them back to your family.<br \/>\n<strong>Come meet your new companion!<\/strong>\n\t\t\t<a href=\"\/en\/jadopte\/\" target=\"_self\">\n\t\t\t\t\t\t\tADOPT\n\t\t\t\t\t<\/a>\n\t\t<h2>\n\t\t\tOur missions in French Guiana\n\t\t<\/h2>\n\t<meta itemscope itemprop=\"mainEntityOfPage\" itemtype=\"https:\/\/schema.org\/WebPage\" itemid=\"http:\/\/1339\" content=\"Stop \u00e0 la maltraitance | DOGGY TIME #16\" \/><meta itemprop=\"datePublished\" content=\"2024-10-29\" \/><meta itemprop=\"dateModified\" content=\"2024-10-29\" \/><meta itemprop=\"name\" content=\"Doggy Oasis\"\/><meta itemprop=\"url\" content=\"https:\/\/www.doggyoasis.org\/author\/infocote-cube-fr\/\" \/><meta itemprop=\"name\" content=\"admin\" \/><meta itemprop=\"interactionType\" content=\"https:\/\/schema.org\/CommentAction\" \/><meta itemprop=\"userInteractionCount\" content=\"0\" \/>\n        <h3><a href='https:\/\/www.doggyoasis.org\/en\/video\/stop-a-la-maltraitance-doggy-time-16\/' title='Stop \u00e0 la maltraitance | DOGGY TIME #16'>Stop \u00e0 la maltraitance | DOGGY TIME #16<\/a><\/h3>\n        <!--\n        -->\n\t<meta itemscope itemprop=\"mainEntityOfPage\" itemtype=\"https:\/\/schema.org\/WebPage\" itemid=\"http:\/\/1337\" content=\"Bon maitre, bon chien | DOGGY TIME #15\" \/><meta itemprop=\"datePublished\" content=\"2024-10-29\" \/><meta itemprop=\"dateModified\" content=\"2024-10-29\" \/><meta itemprop=\"name\" content=\"Doggy Oasis\"\/><meta itemprop=\"url\" content=\"https:\/\/www.doggyoasis.org\/author\/infocote-cube-fr\/\" \/><meta itemprop=\"name\" content=\"admin\" \/><meta itemprop=\"interactionType\" content=\"https:\/\/schema.org\/CommentAction\" \/><meta itemprop=\"userInteractionCount\" content=\"0\" \/>\n        <h3><a href='https:\/\/www.doggyoasis.org\/en\/video\/bon-maitre-bon-chien-doggy-time-15\/' title='Bon maitre, bon chien | DOGGY TIME #15'>Bon maitre, bon chien | DOGGY TIME #15<\/a><\/h3>\n        <!--\n        -->\n\t<meta itemscope itemprop=\"mainEntityOfPage\" itemtype=\"https:\/\/schema.org\/WebPage\" itemid=\"http:\/\/1335\" content=\"Le travail en meute| DOGGY TIME #14\" \/><meta itemprop=\"datePublished\" content=\"2024-10-29\" \/><meta itemprop=\"dateModified\" content=\"2024-10-29\" \/><meta itemprop=\"name\" content=\"Doggy Oasis\"\/><meta itemprop=\"url\" content=\"https:\/\/www.doggyoasis.org\/author\/infocote-cube-fr\/\" \/><meta itemprop=\"name\" content=\"admin\" \/><meta itemprop=\"interactionType\" content=\"https:\/\/schema.org\/CommentAction\" \/><meta itemprop=\"userInteractionCount\" content=\"0\" \/>\n        <h3><a href='https:\/\/www.doggyoasis.org\/en\/video\/le-travail-en-meute-doggy-time-14\/' title='Le travail en meute| DOGGY TIME #14'>Le travail en meute| DOGGY TIME #14<\/a><\/h3>\n        <!--\n        -->\n\t<meta itemscope itemprop=\"mainEntityOfPage\" itemtype=\"https:\/\/schema.org\/WebPage\" itemid=\"http:\/\/1294\" content=\"Un refuge unique | DOGGY TIME #13\" \/><meta itemprop=\"datePublished\" content=\"2024-10-07\" \/><meta itemprop=\"dateModified\" content=\"2024-10-07\" \/><meta itemprop=\"name\" content=\"Doggy Oasis\"\/><meta itemprop=\"url\" content=\"https:\/\/www.doggyoasis.org\/author\/infocote-cube-fr\/\" \/><meta itemprop=\"name\" content=\"admin\" \/><meta itemprop=\"interactionType\" content=\"https:\/\/schema.org\/CommentAction\" \/><meta itemprop=\"userInteractionCount\" content=\"0\" \/>\n        <h3><a href='https:\/\/www.doggyoasis.org\/en\/video\/un-refuge-unique-doggy-time-13\/' title='Un refuge unique | DOGGY TIME #13'>Un refuge unique | DOGGY TIME #13<\/a><\/h3>\n        <!--\n        -->\n\t<meta itemscope itemprop=\"mainEntityOfPage\" itemtype=\"https:\/\/schema.org\/WebPage\" itemid=\"http:\/\/1041\" content=\"Le chien cr\u00e9ole | DOGGY TIME #12\" \/><meta itemprop=\"datePublished\" content=\"2024-04-02\" \/><meta itemprop=\"dateModified\" content=\"2024-04-02\" \/><meta itemprop=\"name\" content=\"Doggy Oasis\"\/><meta itemprop=\"url\" content=\"https:\/\/www.doggyoasis.org\/author\/infocote-cube-fr\/\" \/><meta itemprop=\"name\" content=\"admin\" \/><meta itemprop=\"interactionType\" content=\"https:\/\/schema.org\/CommentAction\" \/><meta itemprop=\"userInteractionCount\" content=\"0\" \/>\n        <h3><a href='https:\/\/www.doggyoasis.org\/en\/video\/le-chien-creole-doggy-time-12\/' title='Le chien cr\u00e9ole | DOGGY TIME #12'>Le chien cr\u00e9ole | DOGGY TIME #12<\/a><\/h3>\n        <!--\n        -->\n\t<meta itemscope itemprop=\"mainEntityOfPage\" itemtype=\"https:\/\/schema.org\/WebPage\" itemid=\"http:\/\/1039\" content=\"Pr\u00e9vention aux morsures | DOGGY TIME #11\" \/><meta itemprop=\"datePublished\" content=\"2024-04-02\" \/><meta itemprop=\"dateModified\" content=\"2024-04-02\" \/><meta itemprop=\"name\" content=\"Doggy Oasis\"\/><meta itemprop=\"url\" content=\"https:\/\/www.doggyoasis.org\/author\/infocote-cube-fr\/\" \/><meta itemprop=\"name\" content=\"admin\" \/><meta itemprop=\"interactionType\" content=\"https:\/\/schema.org\/CommentAction\" \/><meta itemprop=\"userInteractionCount\" content=\"0\" \/>\n        <h3><a href='https:\/\/www.doggyoasis.org\/en\/video\/prevention-aux-morsures-doggy-time-11\/' title='Pr\u00e9vention aux morsures | DOGGY TIME #11'>Pr\u00e9vention aux morsures | DOGGY TIME #11<\/a><\/h3>\n        <!--\n        -->\n\t<meta itemscope itemprop=\"mainEntityOfPage\" itemtype=\"https:\/\/schema.org\/WebPage\" itemid=\"http:\/\/1003\" content=\"L&rsquo;agility | DOGGY TIME #10\" \/><meta itemprop=\"datePublished\" content=\"2024-03-22\" \/><meta itemprop=\"dateModified\" content=\"2024-10-29\" \/><meta itemprop=\"name\" content=\"Doggy Oasis\"\/><meta itemprop=\"url\" content=\"https:\/\/www.doggyoasis.org\/author\/infocote-cube-fr\/\" \/><meta itemprop=\"name\" content=\"admin\" \/><meta itemprop=\"interactionType\" content=\"https:\/\/schema.org\/CommentAction\" \/><meta itemprop=\"userInteractionCount\" content=\"0\" \/>\n        <h3><a href='https:\/\/www.doggyoasis.org\/en\/video\/lagility-doggy-time-10\/' title='L&rsquo;agility | DOGGY TIME #10'>L&rsquo;agility | DOGGY TIME #10<\/a><\/h3>\n        <!--\n        -->\n\t<meta itemscope itemprop=\"mainEntityOfPage\" itemtype=\"https:\/\/schema.org\/WebPage\" itemid=\"http:\/\/967\" content=\"La m\u00e9diation | DOGGY TIME #9\" \/><meta itemprop=\"datePublished\" content=\"2024-03-12\" \/><meta itemprop=\"dateModified\" content=\"2024-03-12\" \/><meta itemprop=\"name\" content=\"Doggy Oasis\"\/><meta itemprop=\"url\" content=\"https:\/\/www.doggyoasis.org\/author\/infocote-cube-fr\/\" \/><meta itemprop=\"name\" content=\"admin\" \/><meta itemprop=\"interactionType\" content=\"https:\/\/schema.org\/CommentAction\" \/><meta itemprop=\"userInteractionCount\" content=\"0\" \/>\n        <h3><a href='https:\/\/www.doggyoasis.org\/en\/video\/la-mediation-doggy-time-9\/' title='La m\u00e9diation | DOGGY TIME #9'>La m\u00e9diation | DOGGY TIME #9<\/a><\/h3>\n        <!--\n        -->\n\t<meta itemscope itemprop=\"mainEntityOfPage\" itemtype=\"https:\/\/schema.org\/WebPage\" itemid=\"http:\/\/965\" content=\"La st\u00e9rilisation | DOGGY TIME #8\" \/><meta itemprop=\"datePublished\" content=\"2024-03-12\" \/><meta itemprop=\"dateModified\" content=\"2024-03-12\" \/><meta itemprop=\"name\" content=\"Doggy Oasis\"\/><meta itemprop=\"url\" content=\"https:\/\/www.doggyoasis.org\/author\/infocote-cube-fr\/\" \/><meta itemprop=\"name\" content=\"admin\" \/><meta itemprop=\"interactionType\" content=\"https:\/\/schema.org\/CommentAction\" \/><meta itemprop=\"userInteractionCount\" content=\"0\" \/>\n        <h3><a href='https:\/\/www.doggyoasis.org\/en\/video\/la-sterilisation-doggy-time-8\/' title='La st\u00e9rilisation | DOGGY TIME #8'>La st\u00e9rilisation | DOGGY TIME #8<\/a><\/h3>\n        <!--\n        -->\n\t<meta itemscope itemprop=\"mainEntityOfPage\" itemtype=\"https:\/\/schema.org\/WebPage\" itemid=\"http:\/\/956\" content=\"La fourri\u00e8re | DOGGY TIME #7\" \/><meta itemprop=\"datePublished\" content=\"2024-02-26\" \/><meta itemprop=\"dateModified\" content=\"2024-07-18\" \/><meta itemprop=\"name\" content=\"Doggy Oasis\"\/><meta itemprop=\"url\" content=\"https:\/\/www.doggyoasis.org\/author\/infocote-cube-fr\/\" \/><meta itemprop=\"name\" content=\"admin\" \/><meta itemprop=\"interactionType\" content=\"https:\/\/schema.org\/CommentAction\" \/><meta itemprop=\"userInteractionCount\" content=\"0\" \/>\n        <h3><a href='https:\/\/www.doggyoasis.org\/en\/video\/la-fourriere-doggy-time-7\/' title='La fourri\u00e8re | DOGGY TIME #7'>La fourri\u00e8re | DOGGY TIME #7<\/a><\/h3>\n        <!--\n        -->\n\t\t<!-- .pp-content-posts -->\n\t\t\t<a href=\"\/en\/video\/\" target=\"_self\">\n\t\t\t\t\t\t\tACCESS THE VIDEO LIBRARY\n\t\t\t\t\t<\/a>\n\t\t\t<a href=\"\/en\/phototheque\/\" target=\"_self\">\n\t\t\t\t\t\t\tACCESS THE PHOTO LIBRARY\n\t\t\t\t\t<\/a>\n\t\t\t<a href=\"https:\/\/www.doggyoasis.org\/en\/jadopte\/\" target=\"_self\">\n\t\t\t\t\t\t\tADOPT\n\t\t\t\t\t<\/a>\n\t<p>HOW TO HELP?<\/p>\n<h2>\n\t\tBecome a volunteer\n\t<\/h2>\n\tDo you dream of changing the course of things?<br \/>\nCome spend a week, or more, as a<br \/>\nvolunteer and help us save, restore, love,<br \/>\ntrain or teach.\n\t\t\t<a href=\"https:\/\/www.doggyoasis.org\/en\/nous-soutenir\/\" target=\"_self\">\n\t\t\t\t\t\t\tSupport us\n\t\t\t\t\t<\/a>\n\t<a href=\"https:\/\/www.helloasso.com\/associations\/doggy-oasis-international\" target=\"_blank\">\n<\/a>\n\t\t<h2>\n\t\t\tGolden Book\n\t\t<\/h2>\n\t<meta itemscope itemprop=\"mainEntityOfPage\" itemtype=\"https:\/\/schema.org\/WebPage\" itemid=\"http:\/\/1123\" content=\"Brigitte D\" \/><meta itemprop=\"datePublished\" content=\"2024-05-21\" \/><meta itemprop=\"dateModified\" content=\"2024-05-21\" \/><meta itemprop=\"name\" content=\"Doggy Oasis\"\/><meta itemprop=\"url\" content=\"https:\/\/www.doggyoasis.org\/author\/adoptions-doigmail-com\/\" \/><meta itemprop=\"name\" content=\"a&#100;opt&#105;on&#115;&#46;&#100;&#111;i&#64;&#103;m&#97;i&#108;&#46;c&#111;&#109;\" \/><meta itemprop=\"url\" content=\"https:\/\/www.doggyoasis.org\/wp-content\/uploads\/2024\/05\/WhatsApp-Image-2024-05-21-at-17.01.02.jpeg\" \/><meta itemprop=\"width\" content=\"1600\" \/><meta itemprop=\"height\" content=\"1200\" \/><meta itemprop=\"interactionType\" content=\"https:\/\/schema.org\/CommentAction\" \/><meta itemprop=\"userInteractionCount\" content=\"0\" \/>\n\t<a href='https:\/\/www.doggyoasis.org\/en\/livre-dor\/brigitte-d\/' title='Brigitte D'><img width=\"1024\" height=\"768\" src=\"https:\/\/www.doggyoasis.org\/wp-content\/uploads\/2024\/05\/WhatsApp-Image-2024-05-21-at-17.01.02-1024x768.jpeg\" alt=\"\" itemprop=\"image\" decoding=\"async\" loading=\"lazy\" srcset=\"https:\/\/www.doggyoasis.org\/wp-content\/uploads\/2024\/05\/WhatsApp-Image-2024-05-21-at-17.01.02-1024x768.jpeg 1024w, https:\/\/www.doggyoasis.org\/wp-content\/uploads\/2024\/05\/WhatsApp-Image-2024-05-21-at-17.01.02-300x225.jpeg 300w, https:\/\/www.doggyoasis.org\/wp-content\/uploads\/2024\/05\/WhatsApp-Image-2024-05-21-at-17.01.02-768x576.jpeg 768w, https:\/\/www.doggyoasis.org\/wp-content\/uploads\/2024\/05\/WhatsApp-Image-2024-05-21-at-17.01.02-50x38.jpeg 50w, https:\/\/www.doggyoasis.org\/wp-content\/uploads\/2024\/05\/WhatsApp-Image-2024-05-21-at-17.01.02-1536x1152.jpeg 1536w, https:\/\/www.doggyoasis.org\/wp-content\/uploads\/2024\/05\/WhatsApp-Image-2024-05-21-at-17.01.02-16x12.jpeg 16w, https:\/\/www.doggyoasis.org\/wp-content\/uploads\/2024\/05\/WhatsApp-Image-2024-05-21-at-17.01.02.jpeg 1600w\" sizes=\"auto, (max-width: 1024px) 100vw, 1024px\" \/><\/a>\n    <h3><a href='https:\/\/www.doggyoasis.org\/en\/livre-dor\/brigitte-d\/' title='Brigitte D'>Brigitte D<\/a><\/h3>\n    \t<p>Hello, this is the owner of Gripsou, who has become Cayenne. My husband and I are very happy to have adopted him. He is the king of the house. He is a 3<\/p>\n\t<meta itemscope itemprop=\"mainEntityOfPage\" itemtype=\"https:\/\/schema.org\/WebPage\" itemid=\"http:\/\/946\" content=\"Nathalie L\" \/><meta itemprop=\"datePublished\" content=\"2024-02-20\" \/><meta itemprop=\"dateModified\" content=\"2024-02-20\" \/><meta itemprop=\"name\" content=\"Doggy Oasis\"\/><meta itemprop=\"url\" content=\"https:\/\/www.doggyoasis.org\/author\/adoptions-doigmail-com\/\" \/><meta itemprop=\"name\" content=\"&#97;&#100;opt&#105;&#111;&#110;s.&#100;o&#105;&#64;g&#109;ail.c&#111;m\" \/><meta itemprop=\"url\" content=\"https:\/\/www.doggyoasis.org\/wp-content\/uploads\/2024\/02\/YUNA.jpeg\" \/><meta itemprop=\"width\" content=\"320\" \/><meta itemprop=\"height\" content=\"240\" \/><meta itemprop=\"interactionType\" content=\"https:\/\/schema.org\/CommentAction\" \/><meta itemprop=\"userInteractionCount\" content=\"0\" \/>\n\t<a href='https:\/\/www.doggyoasis.org\/en\/livre-dor\/nathalie-l\/' title='Nathalie L'><img width=\"320\" height=\"240\" src=\"https:\/\/www.doggyoasis.org\/wp-content\/uploads\/2024\/02\/YUNA.jpeg\" alt=\"\" itemprop=\"image\" decoding=\"async\" loading=\"lazy\" srcset=\"https:\/\/www.doggyoasis.org\/wp-content\/uploads\/2024\/02\/YUNA.jpeg 320w, https:\/\/www.doggyoasis.org\/wp-content\/uploads\/2024\/02\/YUNA-300x225.jpeg 300w, https:\/\/www.doggyoasis.org\/wp-content\/uploads\/2024\/02\/YUNA-50x38.jpeg 50w, https:\/\/www.doggyoasis.org\/wp-content\/uploads\/2024\/02\/YUNA-16x12.jpeg 16w\" sizes=\"auto, (max-width: 320px) 100vw, 320px\" \/><\/a>\n    <h3><a href='https:\/\/www.doggyoasis.org\/en\/livre-dor\/nathalie-l\/' title='Nathalie L'>Nathalie L<\/a><\/h3>\n    \t<p>I used to be called Elektra, and now it's Yuna. As you can see in the photos, I'm doing well (although I need to go on a little diet ).<\/p>\n\t<meta itemscope itemprop=\"mainEntityOfPage\" itemtype=\"https:\/\/schema.org\/WebPage\" itemid=\"http:\/\/867\" content=\"Catherine D\" \/><meta itemprop=\"datePublished\" content=\"2024-01-23\" \/><meta itemprop=\"dateModified\" content=\"2024-01-23\" \/><meta itemprop=\"name\" content=\"Doggy Oasis\"\/><meta itemprop=\"url\" content=\"https:\/\/www.doggyoasis.org\/author\/adoptions-doigmail-com\/\" \/><meta itemprop=\"name\" content=\"a&#100;&#111;&#112;&#116;io&#110;&#115;&#46;&#100;&#111;i&#64;&#103;&#109;ail&#46;&#99;om\" \/><meta itemprop=\"url\" content=\"https:\/\/www.doggyoasis.org\/wp-content\/uploads\/2024\/01\/NIX1.jpg\" \/><meta itemprop=\"width\" content=\"720\" \/><meta itemprop=\"height\" content=\"960\" \/><meta itemprop=\"interactionType\" content=\"https:\/\/schema.org\/CommentAction\" \/><meta itemprop=\"userInteractionCount\" content=\"0\" \/>\n\t<a href='https:\/\/www.doggyoasis.org\/en\/livre-dor\/catherine-d\/' title='Catherine D'><img width=\"720\" height=\"960\" src=\"https:\/\/www.doggyoasis.org\/wp-content\/uploads\/2024\/01\/NIX1.jpg\" alt=\"\" itemprop=\"image\" decoding=\"async\" loading=\"lazy\" srcset=\"https:\/\/www.doggyoasis.org\/wp-content\/uploads\/2024\/01\/NIX1.jpg 720w, https:\/\/www.doggyoasis.org\/wp-content\/uploads\/2024\/01\/NIX1-225x300.jpg 225w, https:\/\/www.doggyoasis.org\/wp-content\/uploads\/2024\/01\/NIX1-50x67.jpg 50w, https:\/\/www.doggyoasis.org\/wp-content\/uploads\/2024\/01\/NIX1-9x12.jpg 9w\" sizes=\"auto, (max-width: 720px) 100vw, 720px\" \/><\/a>\n    <h3><a href='https:\/\/www.doggyoasis.org\/en\/livre-dor\/catherine-d\/' title='Catherine D'>Catherine D<\/a><\/h3>\n    \t<p>Cayenne is a very pleasant little dog, very comfortable with us, obedient (although slightly stubborn). She has no issues with the other dogs in our family or those encountered during our walks...<\/p>\n\t\t<!-- .pp-content-posts -->\n\t\t\t<a href=\"\/en\/livre-dor\/\" target=\"_self\">\n\t\t\t\t\t\t\tSEE MORE TESTIMONIALS\n\t\t\t\t\t<\/a>","protected":false},"excerpt":{"rendered":"<p>Un sanctuaire de 130 hectares en Guyane En savoir + La Fondation Doggy Oasis International s&rsquo;engage \u00e0 donner aux chiens abandonn\u00e9s un lieu s\u00fbr, dynamique, propre et chaleureux tout en les socialisant et en les entra\u00eenant pour faciliter leur r\u00e9int\u00e9gration dans le monde humain. Sauver Gu\u00e9rir Soigner Entrainer Enseigner En savoir + Adopter un compagnon&hellip;<\/p>","protected":false},"author":1,"featured_media":0,"parent":0,"menu_order":0,"comment_status":"closed","ping_status":"closed","template":"","meta":{"_acf_changed":false,"footnotes":""},"class_list":["post-15","page","type-page","status-publish","hentry"],"acf":[],"_links":{"self":[{"href":"https:\/\/www.doggyoasis.org\/en\/wp-json\/wp\/v2\/pages\/15","targetHints":{"allow":["GET"]}}],"collection":[{"href":"https:\/\/www.doggyoasis.org\/en\/wp-json\/wp\/v2\/pages"}],"about":[{"href":"https:\/\/www.doggyoasis.org\/en\/wp-json\/wp\/v2\/types\/page"}],"author":[{"embeddable":true,"href":"https:\/\/www.doggyoasis.org\/en\/wp-json\/wp\/v2\/users\/1"}],"replies":[{"embeddable":true,"href":"https:\/\/www.doggyoasis.org\/en\/wp-json\/wp\/v2\/comments?post=15"}],"version-history":[{"count":5,"href":"https:\/\/www.doggyoasis.org\/en\/wp-json\/wp\/v2\/pages\/15\/revisions"}],"predecessor-version":[{"id":1385,"href":"https:\/\/www.doggyoasis.org\/en\/wp-json\/wp\/v2\/pages\/15\/revisions\/1385"}],"wp:attachment":[{"href":"https:\/\/www.doggyoasis.org\/en\/wp-json\/wp\/v2\/media?parent=15"}],"curies":[{"name":"wp","href":"https:\/\/api.w.org\/{rel}","templated":true}]}}